{"id":4917,"date":"2025-09-19T14:31:32","date_gmt":"2025-09-19T12:31:32","guid":{"rendered":"https:\/\/insobil.es\/?page_id=4917"},"modified":"2025-10-08T09:52:04","modified_gmt":"2025-10-08T07:52:04","slug":"accesibilidad","status":"publish","type":"page","link":"https:\/\/insobil.es\/eu\/accesibilidad\/","title":{"rendered":"Nuestro compromiso con la accesibilidad web"},"content":{"rendered":"<div class=\"wpb-content-wrapper\"><div id=\"tm-row-69ede80c257b2\" class=\"vc_row vc_row-outer vc_row-fluid\"><div id=\"tm-column-69ede80c25e59\" class=\"wpb_column vc_column_container vc_col-sm-12\"><div class=\"vc_column-inner\"><div class=\"wpb_wrapper\">\n\t<div class=\"wpb_text_column wpb_content_element\" >\n\t\t<div class=\"wpb_wrapper\">\n\t\t\t<p>El objetivo de \u00ab<em>insobil.es\u00bb<\/em>\u00a0es que todas las personas, independientemente de tener una discapacidad, de la edad o de acceder a la web desde tecnolog\u00edas poco convencionales, se encuentren con una web accesible y puedan navegar por las p\u00e1ginas de este sitio sin encontrar dificultades.<\/p>\n<p>A tal fin, el desarrollo de la web de \u00ab<em>insobil.es\u00bb<\/em>\u00a0se ha basado en el cumplimiento de las Pautas de Accesibilidad al Contenido en la Web 2.0 establecidas por el W3C (Consorcio de la World Wide Web).<\/p>\n<p><img decoding=\"async\" src=\"https:\/\/innovanity.com\/media\/w3c_aa.gif\" alt=\"Logotipo de acreditaci\u00f3n del cumplimiento de las pautas nivel AA del w3c\" \/>\u00a0 \u00a0<img decoding=\"async\" src=\"https:\/\/innovanity.com\/media\/w3c_xhml.gif\" alt=\"Logotipo de acreditaci\u00f3n de HTML 4.01 transitional v\u00e1lido\" \/>\u00a0 \u00a0<img decoding=\"async\" src=\"https:\/\/innovanity.com\/media\/w3c_css.gif\" alt=\"Logotipo de acreditaci\u00f3n de CSS v\u00e1lido\" \/><\/p>\n<p>Algunas de las funcionalidades implementadas en\u00a0<em>insobil.com<\/em>\u00a0para permitir una correcta accesibilidad web a todos los contenidos con mayor facilidad son:<\/p>\n<ul>\n<li>Las caracter\u00edsticas visuales del portal (tipo de letra, color de fuente y fondo, etc.) se definen mediante la hoja de estilos, as\u00ed como colores corporativos,\u00a0 para que el usuario pueda ajustar el texto a sus preferencias.<\/li>\n<li>Los tama\u00f1os de las fuentes se han definido con unidades relativas para que pueda ampliar o disminuir el tama\u00f1o de la fuente desde las opciones del navegador.<\/li>\n<li>Si un usuario accede a la p\u00e1gina con un navegador que no soporta hoja de estilos, no supondr\u00e1 una dificultad, ya que de igual manera se puede acceder a todos los contenidos con la CSS desactivada.<\/li>\n<li>Las p\u00e1ginas tienen una estructura clara tanto para el usuario que puede ver todo el contenido, como para el que lee la informaci\u00f3n con un lector de pantalla, usuarios que desactivan la hoja de estilos, etc. Bajo este objetivo, se han definido mediante el c\u00f3digo HTML los encabezados de secci\u00f3n, las listas y todos los elementos que ayudan a la comprensi\u00f3n general del sitio web.<\/li>\n<li>El c\u00f3digo HTML y CSS empleado se ajusta a las gram\u00e1ticas formales para garantizar la correcta visualizaci\u00f3n de los contenidos en distintos navegadores<\/li>\n<\/ul>\n\n\t\t<\/div>\n\t<\/div>\n<\/div><\/div><\/div><\/div>\n<\/div>","protected":false},"excerpt":{"rendered":"El objetivo de \u00abinsobil.es\u00bb\u00a0es que todas las personas, independientemente de tener una discapacidad, de la edad o de acceder a la web desde tecnolog\u00edas poco convencionales, se encuentren con una web accesible y puedan navegar por las p\u00e1ginas de este sitio sin encontrar dificultades. A tal fin, el desarrollo de la web de \u00abinsobil.es\u00bb\u00a0se ha basado en el cumplimiento de las Pautas de Accesibilidad al Contenido en la Web 2.0 establecidas por el W3C (Consorcio de la World Wide Web). \u00a0 \u00a0\u00a0 \u00a0 Algunas de las funcionalidades implementadas en\u00a0insobil.com\u00a0para permitir una correcta accesibilidad web a todos los contenidos con mayor facilidad son: Las caracter\u00edsticas visuales del portal (tipo de letra, color de fuente y fondo, etc.) se definen mediante la hoja de estilos, as\u00ed como colores corporativos,\u00a0 para que el usuario pueda ajustar el texto a sus preferencias. Los tama\u00f1os de las fuentes se han definido con unidades relativas para que pueda ampliar o disminuir el tama\u00f1o de la fuente desde las opciones del navegador. Si un usuario accede a la p\u00e1gina con un navegador que no soporta hoja de estilos, no supondr\u00e1 una dificultad, ya que de igual manera se puede acceder a todos los contenidos con la CSS desactivada. Las p\u00e1ginas tienen una estructura clara tanto para el usuario que puede ver todo el contenido, como para el que lee la informaci\u00f3n con un lector de pantalla, usuarios que desactivan la hoja de estilos, etc. Bajo este objetivo, se han definido mediante el c\u00f3digo HTML los encabezados de secci\u00f3n, las listas y todos los elementos que ayudan a la comprensi\u00f3n general del sitio web. El c\u00f3digo HTML y CSS empleado se ajusta a las gram\u00e1ticas formales para garantizar la correcta visualizaci\u00f3n de los contenidos en distintos navegadores","protected":false},"author":1,"featured_media":0,"parent":0,"menu_order":0,"comment_status":"closed","ping_status":"closed","template":"","meta":{"inline_featured_image":false,"footnotes":""},"class_list":["post-4917","page","type-page","status-publish","hentry"],"yoast_head":"<!-- This site is optimized with the Yoast SEO plugin v27.4 - https:\/\/yoast.com\/product\/yoast-seo-wordpress\/ -->\n<title>Nuestro compromiso con la accesibilidad web - INSOBIL AISLAMIENTOS<\/title>\n<meta name=\"robots\" content=\"index, follow, max-snippet:-1, max-image-preview:large, max-video-preview:-1\" \/>\n<link rel=\"canonical\" href=\"https:\/\/insobil.es\/eu\/accesibilidad\/\" \/>\n<meta property=\"og:locale\" content=\"en_US\" \/>\n<meta property=\"og:type\" content=\"article\" \/>\n<meta property=\"og:title\" content=\"Nuestro compromiso con la accesibilidad web - INSOBIL AISLAMIENTOS\" \/>\n<meta property=\"og:url\" content=\"https:\/\/insobil.es\/eu\/accesibilidad\/\" \/>\n<meta property=\"og:site_name\" content=\"INSOBIL AISLAMIENTOS\" \/>\n<meta property=\"article:modified_time\" content=\"2025-10-08T07:52:04+00:00\" \/>\n<meta property=\"og:image\" content=\"https:\/\/innovanity.com\/media\/w3c_aa.gif\" \/>\n<meta name=\"twitter:card\" content=\"summary_large_image\" \/>\n<meta name=\"twitter:label1\" content=\"Est. reading time\" \/>\n\t<meta name=\"twitter:data1\" content=\"2 minutua\" \/>\n<script type=\"application\/ld+json\" class=\"yoast-schema-graph\">{\"@context\":\"https:\\\/\\\/schema.org\",\"@graph\":[{\"@type\":\"WebPage\",\"@id\":\"https:\\\/\\\/insobil.es\\\/accesibilidad\\\/\",\"url\":\"https:\\\/\\\/insobil.es\\\/accesibilidad\\\/\",\"name\":\"Nuestro compromiso con la accesibilidad web - INSOBIL AISLAMIENTOS\",\"isPartOf\":{\"@id\":\"https:\\\/\\\/insobil.es\\\/#website\"},\"primaryImageOfPage\":{\"@id\":\"https:\\\/\\\/insobil.es\\\/accesibilidad\\\/#primaryimage\"},\"image\":{\"@id\":\"https:\\\/\\\/insobil.es\\\/accesibilidad\\\/#primaryimage\"},\"thumbnailUrl\":\"https:\\\/\\\/innovanity.com\\\/media\\\/w3c_aa.gif\",\"datePublished\":\"2025-09-19T12:31:32+00:00\",\"dateModified\":\"2025-10-08T07:52:04+00:00\",\"breadcrumb\":{\"@id\":\"https:\\\/\\\/insobil.es\\\/accesibilidad\\\/#breadcrumb\"},\"inLanguage\":\"eu\",\"potentialAction\":[{\"@type\":\"ReadAction\",\"target\":[\"https:\\\/\\\/insobil.es\\\/accesibilidad\\\/\"]}]},{\"@type\":\"ImageObject\",\"inLanguage\":\"eu\",\"@id\":\"https:\\\/\\\/insobil.es\\\/accesibilidad\\\/#primaryimage\",\"url\":\"https:\\\/\\\/innovanity.com\\\/media\\\/w3c_aa.gif\",\"contentUrl\":\"https:\\\/\\\/innovanity.com\\\/media\\\/w3c_aa.gif\"},{\"@type\":\"BreadcrumbList\",\"@id\":\"https:\\\/\\\/insobil.es\\\/accesibilidad\\\/#breadcrumb\",\"itemListElement\":[{\"@type\":\"ListItem\",\"position\":1,\"name\":\"Portada\",\"item\":\"https:\\\/\\\/insobil.es\\\/\"},{\"@type\":\"ListItem\",\"position\":2,\"name\":\"Nuestro compromiso con la accesibilidad web\"}]},{\"@type\":\"WebSite\",\"@id\":\"https:\\\/\\\/insobil.es\\\/#website\",\"url\":\"https:\\\/\\\/insobil.es\\\/\",\"name\":\"INSOBIL AISLAMIENTOS\",\"description\":\"Soluciones avanzadas para reducir el ruido y mejorar la calidad sonora en todo tipo de espacios. Aplicamos tecnolog\u00eda innovadora y materiales de alta calidad para garantizar los mejores resultados.\",\"potentialAction\":[{\"@type\":\"SearchAction\",\"target\":{\"@type\":\"EntryPoint\",\"urlTemplate\":\"https:\\\/\\\/insobil.es\\\/?s={search_term_string}\"},\"query-input\":{\"@type\":\"PropertyValueSpecification\",\"valueRequired\":true,\"valueName\":\"search_term_string\"}}],\"inLanguage\":\"eu\"}]}<\/script>\n<!-- \/ Yoast SEO plugin. -->","yoast_head_json":{"title":"Nuestro compromiso con la accesibilidad web - INSOBIL AISLAMIENTOS","robots":{"index":"index","follow":"follow","max-snippet":"max-snippet:-1","max-image-preview":"max-image-preview:large","max-video-preview":"max-video-preview:-1"},"canonical":"https:\/\/insobil.es\/eu\/accesibilidad\/","og_locale":"en_US","og_type":"article","og_title":"Nuestro compromiso con la accesibilidad web - INSOBIL AISLAMIENTOS","og_url":"https:\/\/insobil.es\/eu\/accesibilidad\/","og_site_name":"INSOBIL AISLAMIENTOS","article_modified_time":"2025-10-08T07:52:04+00:00","og_image":[{"url":"https:\/\/innovanity.com\/media\/w3c_aa.gif","type":"","width":"","height":""}],"twitter_card":"summary_large_image","twitter_misc":{"Est. reading time":"2 minutua"},"schema":{"@context":"https:\/\/schema.org","@graph":[{"@type":"WebPage","@id":"https:\/\/insobil.es\/accesibilidad\/","url":"https:\/\/insobil.es\/accesibilidad\/","name":"Nuestro compromiso con la accesibilidad web - INSOBIL AISLAMIENTOS","isPartOf":{"@id":"https:\/\/insobil.es\/#website"},"primaryImageOfPage":{"@id":"https:\/\/insobil.es\/accesibilidad\/#primaryimage"},"image":{"@id":"https:\/\/insobil.es\/accesibilidad\/#primaryimage"},"thumbnailUrl":"https:\/\/innovanity.com\/media\/w3c_aa.gif","datePublished":"2025-09-19T12:31:32+00:00","dateModified":"2025-10-08T07:52:04+00:00","breadcrumb":{"@id":"https:\/\/insobil.es\/accesibilidad\/#breadcrumb"},"inLanguage":"eu","potentialAction":[{"@type":"ReadAction","target":["https:\/\/insobil.es\/accesibilidad\/"]}]},{"@type":"ImageObject","inLanguage":"eu","@id":"https:\/\/insobil.es\/accesibilidad\/#primaryimage","url":"https:\/\/innovanity.com\/media\/w3c_aa.gif","contentUrl":"https:\/\/innovanity.com\/media\/w3c_aa.gif"},{"@type":"BreadcrumbList","@id":"https:\/\/insobil.es\/accesibilidad\/#breadcrumb","itemListElement":[{"@type":"ListItem","position":1,"name":"Portada","item":"https:\/\/insobil.es\/"},{"@type":"ListItem","position":2,"name":"Nuestro compromiso con la accesibilidad web"}]},{"@type":"WebSite","@id":"https:\/\/insobil.es\/#website","url":"https:\/\/insobil.es\/","name":"INSOBIL AISLAMIENTOS","description":"Soluciones avanzadas para reducir el ruido y mejorar la calidad sonora en todo tipo de espacios. Aplicamos tecnolog\u00eda innovadora y materiales de alta calidad para garantizar los mejores resultados.","potentialAction":[{"@type":"SearchAction","target":{"@type":"EntryPoint","urlTemplate":"https:\/\/insobil.es\/?s={search_term_string}"},"query-input":{"@type":"PropertyValueSpecification","valueRequired":true,"valueName":"search_term_string"}}],"inLanguage":"eu"}]}},"_links":{"self":[{"href":"https:\/\/insobil.es\/eu\/wp-json\/wp\/v2\/pages\/4917","targetHints":{"allow":["GET"]}}],"collection":[{"href":"https:\/\/insobil.es\/eu\/wp-json\/wp\/v2\/pages"}],"about":[{"href":"https:\/\/insobil.es\/eu\/wp-json\/wp\/v2\/types\/page"}],"author":[{"embeddable":true,"href":"https:\/\/insobil.es\/eu\/wp-json\/wp\/v2\/users\/1"}],"replies":[{"embeddable":true,"href":"https:\/\/insobil.es\/eu\/wp-json\/wp\/v2\/comments?post=4917"}],"version-history":[{"count":4,"href":"https:\/\/insobil.es\/eu\/wp-json\/wp\/v2\/pages\/4917\/revisions"}],"predecessor-version":[{"id":5074,"href":"https:\/\/insobil.es\/eu\/wp-json\/wp\/v2\/pages\/4917\/revisions\/5074"}],"wp:attachment":[{"href":"https:\/\/insobil.es\/eu\/wp-json\/wp\/v2\/media?parent=4917"}],"curies":[{"name":"wp","href":"https:\/\/api.w.org\/{rel}","templated":true}]}}