{"id":4276,"date":"2025-05-29T11:13:16","date_gmt":"2025-05-29T09:13:16","guid":{"rendered":"https:\/\/insobil.es\/?page_id=4276"},"modified":"2025-05-29T11:13:16","modified_gmt":"2025-05-29T09:13:16","slug":"politica-de-cookies","status":"publish","type":"page","link":"https:\/\/insobil.es\/eu\/politica-de-cookies\/","title":{"rendered":"Pol\u00edtica de Cookies"},"content":{"rendered":"<div class=\"wpb-content-wrapper\"><div id=\"tm-row-69ede80c49690\" class=\"vc_row vc_row-outer vc_row-fluid\"><div id=\"tm-column-69ede80c49e86\" class=\"wpb_column vc_column_container vc_col-sm-12\"><div class=\"vc_column-inner\"><div class=\"wpb_wrapper\">\n\t<div class=\"wpb_text_column wpb_content_element\" >\n\t\t<div class=\"wpb_wrapper\">\n\t\t\t<h2>POL\u00cdTICA DE COOKIES<\/h2>\n<p>En Insobil Aislamientos utilizamos cookies y otras tecnolog\u00edas relacionadas para conocer como se usan nuestros servicios y poder mejorarlos.<\/p>\n<p>Una cookie es un peque\u00f1o archivo que se env\u00eda junto con las p\u00e1ginas de esta web, se almacena en su ordenador y guarda informaci\u00f3n sobre la navegaci\u00f3n que realiza.<\/p>\n<p>Algunas cookies son esenciales para el buen funcionamiento de la web, como son las cookies t\u00e9cnicas o de personalizaci\u00f3n, y otras como las cookies de marketing o seguimiento requieren que te informemos\u00a0 y recabar tu consentimiento para nuestro uso.<\/p>\n<p>A continuaci\u00f3n le detallamos la informaci\u00f3n y tipo de cookie para que pueda prestar un consentimiento plenamente informado:<\/p>\n<p><strong>Cookies T\u00e9cnicas:<\/strong> Son aquellas que aseguran que ciertas partes de la web funcionen correctamente y que las preferencias de usuario sigan record\u00e1ndose.<\/p>\n<p>Al utilizar cookies t\u00e9cnicas te facilitamos la visita a nuestra web como por ejemplo el idioma , tipo de nevegador, configurador regional, etc.<\/p>\n<p><strong>Cookies de Marketing\/Seguimiento: <\/strong>Son aquellas que permiten el seguimiento y la gesti\u00f3n de espacios publicitarios para hacer el an\u00e1lisis o mostrar publicidad al usuario en esta web con fines de marketing.<\/p>\n<p>Puedes utilizar tu navegador de Internet para eliminar las cookies de forma autom\u00e1tica o manual. Asimismo puedes configurar tu navegador para que bloquee las cookies o alerte al usuario cuando un servidor quiera guardarla.<\/p>\n<p>Ten en cuenta que nuestra web no puede funcionar correctamente si todas las cookies est\u00e1n desactivadas.<\/p>\n<p>Si en un futuro lleg\u00e1ramos a utilizar tipos de cookies diferentes a las contempladas en esta Pol\u00edtica para prestar nuevos servicios o fuera necesario adaptarla a nuevas exigencias legislativas se lo comunicaremos.<\/p>\n\n\t\t<\/div>\n\t<\/div>\n<\/div><\/div><\/div><\/div>\n<\/div>","protected":false},"excerpt":{"rendered":"POL\u00cdTICA DE COOKIES En Insobil Aislamientos utilizamos cookies y otras tecnolog\u00edas relacionadas para conocer como se usan nuestros servicios y poder mejorarlos. Una cookie es un peque\u00f1o archivo que se env\u00eda junto con las p\u00e1ginas de esta web, se almacena en su ordenador y guarda informaci\u00f3n sobre la navegaci\u00f3n que realiza. Algunas cookies son esenciales para el buen funcionamiento de la web, como son las cookies t\u00e9cnicas o de personalizaci\u00f3n, y otras como las cookies de marketing o seguimiento requieren que te informemos\u00a0 y recabar tu consentimiento para nuestro uso. A continuaci\u00f3n le detallamos la informaci\u00f3n y tipo de cookie para que pueda prestar un consentimiento plenamente informado: Cookies T\u00e9cnicas: Son aquellas que aseguran que ciertas partes de la web funcionen correctamente y que las preferencias de usuario sigan record\u00e1ndose. Al utilizar cookies t\u00e9cnicas te facilitamos la visita a nuestra web como por ejemplo el idioma , tipo de nevegador, configurador regional, etc. Cookies de Marketing\/Seguimiento: Son aquellas que permiten el seguimiento y la gesti\u00f3n de espacios publicitarios para hacer el an\u00e1lisis o mostrar publicidad al usuario en esta web con fines de marketing. Puedes utilizar tu navegador de Internet para eliminar las cookies de forma autom\u00e1tica o manual. Asimismo puedes configurar tu navegador para que bloquee las cookies o alerte al usuario cuando un servidor quiera guardarla. Ten en cuenta que nuestra web no puede funcionar correctamente si todas las cookies est\u00e1n desactivadas. Si en un futuro lleg\u00e1ramos a utilizar tipos de cookies diferentes a las contempladas en esta Pol\u00edtica para prestar nuevos servicios o fuera necesario adaptarla a nuevas exigencias legislativas se lo comunicaremos.","protected":false},"author":1,"featured_media":0,"parent":0,"menu_order":0,"comment_status":"closed","ping_status":"closed","template":"","meta":{"inline_featured_image":false,"footnotes":""},"class_list":["post-4276","page","type-page","status-publish","hentry"],"yoast_head":"<!-- This site is optimized with the Yoast SEO plugin v27.4 - https:\/\/yoast.com\/product\/yoast-seo-wordpress\/ -->\n<title>Pol\u00edtica de Cookies - INSOBIL AISLAMIENTOS<\/title>\n<meta name=\"robots\" content=\"index, follow, max-snippet:-1, max-image-preview:large, max-video-preview:-1\" \/>\n<link rel=\"canonical\" href=\"https:\/\/insobil.es\/eu\/politica-de-cookies\/\" \/>\n<meta property=\"og:locale\" content=\"en_US\" \/>\n<meta property=\"og:type\" content=\"article\" \/>\n<meta property=\"og:title\" content=\"Pol\u00edtica de Cookies - INSOBIL AISLAMIENTOS\" \/>\n<meta property=\"og:url\" content=\"https:\/\/insobil.es\/eu\/politica-de-cookies\/\" \/>\n<meta property=\"og:site_name\" content=\"INSOBIL AISLAMIENTOS\" \/>\n<meta name=\"twitter:card\" content=\"summary_large_image\" \/>\n<meta name=\"twitter:label1\" content=\"Est. reading time\" \/>\n\t<meta name=\"twitter:data1\" content=\"2 minutua\" \/>\n<script type=\"application\/ld+json\" class=\"yoast-schema-graph\">{\"@context\":\"https:\\\/\\\/schema.org\",\"@graph\":[{\"@type\":\"WebPage\",\"@id\":\"https:\\\/\\\/insobil.es\\\/politica-de-cookies\\\/\",\"url\":\"https:\\\/\\\/insobil.es\\\/politica-de-cookies\\\/\",\"name\":\"Pol\u00edtica de Cookies - INSOBIL AISLAMIENTOS\",\"isPartOf\":{\"@id\":\"https:\\\/\\\/insobil.es\\\/#website\"},\"datePublished\":\"2025-05-29T09:13:16+00:00\",\"breadcrumb\":{\"@id\":\"https:\\\/\\\/insobil.es\\\/politica-de-cookies\\\/#breadcrumb\"},\"inLanguage\":\"eu\",\"potentialAction\":[{\"@type\":\"ReadAction\",\"target\":[\"https:\\\/\\\/insobil.es\\\/politica-de-cookies\\\/\"]}]},{\"@type\":\"BreadcrumbList\",\"@id\":\"https:\\\/\\\/insobil.es\\\/politica-de-cookies\\\/#breadcrumb\",\"itemListElement\":[{\"@type\":\"ListItem\",\"position\":1,\"name\":\"Portada\",\"item\":\"https:\\\/\\\/insobil.es\\\/\"},{\"@type\":\"ListItem\",\"position\":2,\"name\":\"Pol\u00edtica de Cookies\"}]},{\"@type\":\"WebSite\",\"@id\":\"https:\\\/\\\/insobil.es\\\/#website\",\"url\":\"https:\\\/\\\/insobil.es\\\/\",\"name\":\"INSOBIL AISLAMIENTOS\",\"description\":\"Soluciones avanzadas para reducir el ruido y mejorar la calidad sonora en todo tipo de espacios. Aplicamos tecnolog\u00eda innovadora y materiales de alta calidad para garantizar los mejores resultados.\",\"potentialAction\":[{\"@type\":\"SearchAction\",\"target\":{\"@type\":\"EntryPoint\",\"urlTemplate\":\"https:\\\/\\\/insobil.es\\\/?s={search_term_string}\"},\"query-input\":{\"@type\":\"PropertyValueSpecification\",\"valueRequired\":true,\"valueName\":\"search_term_string\"}}],\"inLanguage\":\"eu\"}]}<\/script>\n<!-- \/ Yoast SEO plugin. -->","yoast_head_json":{"title":"Pol\u00edtica de Cookies - INSOBIL AISLAMIENTOS","robots":{"index":"index","follow":"follow","max-snippet":"max-snippet:-1","max-image-preview":"max-image-preview:large","max-video-preview":"max-video-preview:-1"},"canonical":"https:\/\/insobil.es\/eu\/politica-de-cookies\/","og_locale":"en_US","og_type":"article","og_title":"Pol\u00edtica de Cookies - INSOBIL AISLAMIENTOS","og_url":"https:\/\/insobil.es\/eu\/politica-de-cookies\/","og_site_name":"INSOBIL AISLAMIENTOS","twitter_card":"summary_large_image","twitter_misc":{"Est. reading time":"2 minutua"},"schema":{"@context":"https:\/\/schema.org","@graph":[{"@type":"WebPage","@id":"https:\/\/insobil.es\/politica-de-cookies\/","url":"https:\/\/insobil.es\/politica-de-cookies\/","name":"Pol\u00edtica de Cookies - INSOBIL AISLAMIENTOS","isPartOf":{"@id":"https:\/\/insobil.es\/#website"},"datePublished":"2025-05-29T09:13:16+00:00","breadcrumb":{"@id":"https:\/\/insobil.es\/politica-de-cookies\/#breadcrumb"},"inLanguage":"eu","potentialAction":[{"@type":"ReadAction","target":["https:\/\/insobil.es\/politica-de-cookies\/"]}]},{"@type":"BreadcrumbList","@id":"https:\/\/insobil.es\/politica-de-cookies\/#breadcrumb","itemListElement":[{"@type":"ListItem","position":1,"name":"Portada","item":"https:\/\/insobil.es\/"},{"@type":"ListItem","position":2,"name":"Pol\u00edtica de Cookies"}]},{"@type":"WebSite","@id":"https:\/\/insobil.es\/#website","url":"https:\/\/insobil.es\/","name":"INSOBIL AISLAMIENTOS","description":"Soluciones avanzadas para reducir el ruido y mejorar la calidad sonora en todo tipo de espacios. Aplicamos tecnolog\u00eda innovadora y materiales de alta calidad para garantizar los mejores resultados.","potentialAction":[{"@type":"SearchAction","target":{"@type":"EntryPoint","urlTemplate":"https:\/\/insobil.es\/?s={search_term_string}"},"query-input":{"@type":"PropertyValueSpecification","valueRequired":true,"valueName":"search_term_string"}}],"inLanguage":"eu"}]}},"_links":{"self":[{"href":"https:\/\/insobil.es\/eu\/wp-json\/wp\/v2\/pages\/4276","targetHints":{"allow":["GET"]}}],"collection":[{"href":"https:\/\/insobil.es\/eu\/wp-json\/wp\/v2\/pages"}],"about":[{"href":"https:\/\/insobil.es\/eu\/wp-json\/wp\/v2\/types\/page"}],"author":[{"embeddable":true,"href":"https:\/\/insobil.es\/eu\/wp-json\/wp\/v2\/users\/1"}],"replies":[{"embeddable":true,"href":"https:\/\/insobil.es\/eu\/wp-json\/wp\/v2\/comments?post=4276"}],"version-history":[{"count":2,"href":"https:\/\/insobil.es\/eu\/wp-json\/wp\/v2\/pages\/4276\/revisions"}],"predecessor-version":[{"id":4278,"href":"https:\/\/insobil.es\/eu\/wp-json\/wp\/v2\/pages\/4276\/revisions\/4278"}],"wp:attachment":[{"href":"https:\/\/insobil.es\/eu\/wp-json\/wp\/v2\/media?parent=4276"}],"curies":[{"name":"wp","href":"https:\/\/api.w.org\/{rel}","templated":true}]}}