{"id":4272,"date":"2025-05-29T11:10:46","date_gmt":"2025-05-29T09:10:46","guid":{"rendered":"https:\/\/insobil.es\/?page_id=4272"},"modified":"2025-05-29T11:11:18","modified_gmt":"2025-05-29T09:11:18","slug":"aviso-legal","status":"publish","type":"page","link":"https:\/\/insobil.es\/eu\/aviso-legal\/","title":{"rendered":"Aviso Legal"},"content":{"rendered":"<div class=\"wpb-content-wrapper\"><div id=\"tm-row-69ede7eeb06dd\" class=\"vc_row vc_row-outer vc_row-fluid\"><div id=\"tm-column-69ede7eeb0e27\" class=\"wpb_column vc_column_container vc_col-sm-12\"><div class=\"vc_column-inner\"><div class=\"wpb_wrapper\">\n\t<div class=\"wpb_text_column wpb_content_element\" >\n\t\t<div class=\"wpb_wrapper\">\n\t\t\t<h2>AVISO LEGAL<\/h2>\n<p style=\"text-align: justify;\"><span style=\"font-family: 'Arial',sans-serif;\">En cumplimiento de la Ley 34\/2002, de 11 de Julio, de Servicios de la Sociedad de la Informaci\u00f3n y de Comercio Electr\u00f3nico, le informamos de que Marcos Gull\u00f3n Monroy provisto con NIF\/CIF 71026862-X, y direcci\u00f3n Calle Gortabarri 1, 2B 48820 Gue\u00f1es (Bizkaia) es titular de este sitio Web.<\/span><\/p>\n<p style=\"text-align: justify;\"><span style=\"font-family: 'Arial',sans-serif;\">Con \u00e1nimo de que el uso del sitio Web se ajuste a criterios de transparencia, claridad y sencillez, informamos al usuario de cualquier sugerencia, duda o consulta sobre el presente Aviso Legal o cualquier otro documento informativo del sitio Web ser\u00e1 recibida y solucionada contactando a trav\u00e9s de la direcci\u00f3n de correo electr\u00f3nico: insobil@insobil.es\u00a0<\/span><\/p>\n<p style=\"text-align: justify;\">\n<h3>Contenidos.<\/h3>\n<p style=\"text-align: justify;\"><span style=\"font-family: 'Arial',sans-serif;\">Todos los contenidos incluidos en la P\u00e1gina Web, nombres comerciales, textos, fotograf\u00edas, logotipos, iconos, o cualesquiera otros signos susceptibles de utilizaci\u00f3n est\u00e1n protegidos por derechos de propiedad industrial e intelectual. <\/span><\/p>\n<p style=\"text-align: justify;\"><span style=\"font-family: 'Arial',sans-serif;\">Queda por lo tanto prohibida cualquier utilizaci\u00f3n, y\/o reproducci\u00f3n de los mismos sin consentimiento expreso de la Empresa.<\/span><\/p>\n<p style=\"text-align: justify;\"><span style=\"font-family: 'Arial',sans-serif;\">El Usuario se obliga a usar los contenidos de la P\u00e1gina Web de forma diligente, correcta y l\u00edcita y se compromete a abstenerse de:<\/span><\/p>\n<p style=\"text-align: justify;\"><span style=\"font-family: 'Arial',sans-serif;\">a) Utilizar los contenidos con fines o efectos contrarios a la ley.<\/span><\/p>\n<p style=\"text-align: justify;\"><span style=\"font-family: 'Arial',sans-serif;\">b) Reproducir, copiar, transformar o modificar los contenidos, a menos que se cuente con la correspondiente autorizaci\u00f3n de su titular.<\/span><\/p>\n<p style=\"text-align: justify;\"><span style=\"font-family: 'Arial',sans-serif;\">c) Utilizar los contenidos de la P\u00e1gina Web para remitir publicidad o cualquier finalidad comercial, as\u00ed como a abstenerse de comercializar o divulgar de cualquier modo dicha informaci\u00f3n.<\/span><\/p>\n<p style=\"text-align: justify;\"><span style=\"font-family: 'Arial',sans-serif;\">En caso de conflicto de cualquier \u00edndole, ambas partes intentar\u00e1n llegar a un acuerdo pac\u00edfico. No siendo posible, los Tribunales tendr\u00e1n la competencia para conocer el caso, no siendo posible acudir a otro fuero para ejercitar la acci\u00f3n.<\/span><\/p>\n<p style=\"text-align: justify;\"><span style=\"font-family: 'Arial',sans-serif;\">No asumimos ninguna responsabilidad sobre los enlaces hacia otros sitios o p\u00e1ginas Web que, en su caso, pudieran incluirse en el mismo, ya que no tiene ning\u00fan tipo de control sobre los mismos, por lo que el usuario accede bajo su exclusiva responsabilidad al contenido.<\/span><\/p>\n<p style=\"text-align: justify;\"><b><span style=\"font-family: 'Arial',sans-serif;\">\u00a0<\/span><\/b><\/p>\n<p>&nbsp;<\/p>\n\n\t\t<\/div>\n\t<\/div>\n<\/div><\/div><\/div><\/div>\n<\/div>","protected":false},"excerpt":{"rendered":"AVISO LEGAL En cumplimiento de la Ley 34\/2002, de 11 de Julio, de Servicios de la Sociedad de la Informaci\u00f3n y de Comercio Electr\u00f3nico, le informamos de que Marcos Gull\u00f3n Monroy provisto con NIF\/CIF 71026862-X, y direcci\u00f3n Calle Gortabarri 1, 2B 48820 Gue\u00f1es (Bizkaia) es titular de este sitio Web. Con \u00e1nimo de que el uso del sitio Web se ajuste a criterios de transparencia, claridad y sencillez, informamos al usuario de cualquier sugerencia, duda o consulta sobre el presente Aviso Legal o cualquier otro documento informativo del sitio Web ser\u00e1 recibida y solucionada contactando a trav\u00e9s de la direcci\u00f3n de correo electr\u00f3nico: insobil@insobil.es\u00a0 Contenidos. Todos los contenidos incluidos en la P\u00e1gina Web, nombres comerciales, textos, fotograf\u00edas, logotipos, iconos, o cualesquiera otros signos susceptibles de utilizaci\u00f3n est\u00e1n protegidos por derechos de propiedad industrial e intelectual. Queda por lo tanto prohibida cualquier utilizaci\u00f3n, y\/o reproducci\u00f3n de los mismos sin consentimiento expreso de la Empresa. El Usuario se obliga a usar los contenidos de la P\u00e1gina Web de forma diligente, correcta y l\u00edcita y se compromete a abstenerse de: a) Utilizar los contenidos con fines o efectos contrarios a la ley. b) Reproducir, copiar, transformar o modificar los contenidos, a menos que se cuente con la correspondiente autorizaci\u00f3n de su titular. c) Utilizar los contenidos de la P\u00e1gina Web para remitir publicidad o cualquier finalidad comercial, as\u00ed como a abstenerse de comercializar o divulgar de cualquier modo dicha informaci\u00f3n. En caso de conflicto de cualquier \u00edndole, ambas partes intentar\u00e1n llegar a un acuerdo pac\u00edfico. No siendo posible, los Tribunales tendr\u00e1n la competencia para conocer el caso, no siendo posible acudir a otro fuero para ejercitar la acci\u00f3n. No asumimos ninguna responsabilidad sobre los enlaces hacia otros sitios o p\u00e1ginas Web que, en su caso, pudieran incluirse en el mismo, ya que no tiene ning\u00fan tipo de control sobre los mismos, por lo que el usuario accede bajo su exclusiva responsabilidad al contenido. \u00a0 &nbsp;","protected":false},"author":1,"featured_media":0,"parent":0,"menu_order":0,"comment_status":"closed","ping_status":"closed","template":"","meta":{"inline_featured_image":false,"footnotes":""},"class_list":["post-4272","page","type-page","status-publish","hentry"],"yoast_head":"<!-- This site is optimized with the Yoast SEO plugin v27.4 - https:\/\/yoast.com\/product\/yoast-seo-wordpress\/ -->\n<title>Aviso Legal - INSOBIL AISLAMIENTOS<\/title>\n<meta name=\"robots\" content=\"index, follow, max-snippet:-1, max-image-preview:large, max-video-preview:-1\" \/>\n<link rel=\"canonical\" href=\"https:\/\/insobil.es\/eu\/aviso-legal\/\" \/>\n<meta property=\"og:locale\" content=\"en_US\" \/>\n<meta property=\"og:type\" content=\"article\" \/>\n<meta property=\"og:title\" content=\"Aviso Legal - INSOBIL AISLAMIENTOS\" \/>\n<meta property=\"og:url\" content=\"https:\/\/insobil.es\/eu\/aviso-legal\/\" \/>\n<meta property=\"og:site_name\" content=\"INSOBIL AISLAMIENTOS\" \/>\n<meta property=\"article:modified_time\" content=\"2025-05-29T09:11:18+00:00\" \/>\n<meta name=\"twitter:card\" content=\"summary_large_image\" \/>\n<meta name=\"twitter:label1\" content=\"Est. reading time\" \/>\n\t<meta name=\"twitter:data1\" content=\"2 minutua\" \/>\n<script type=\"application\/ld+json\" class=\"yoast-schema-graph\">{\"@context\":\"https:\\\/\\\/schema.org\",\"@graph\":[{\"@type\":\"WebPage\",\"@id\":\"https:\\\/\\\/insobil.es\\\/aviso-legal\\\/\",\"url\":\"https:\\\/\\\/insobil.es\\\/aviso-legal\\\/\",\"name\":\"Aviso Legal - INSOBIL AISLAMIENTOS\",\"isPartOf\":{\"@id\":\"https:\\\/\\\/insobil.es\\\/#website\"},\"datePublished\":\"2025-05-29T09:10:46+00:00\",\"dateModified\":\"2025-05-29T09:11:18+00:00\",\"breadcrumb\":{\"@id\":\"https:\\\/\\\/insobil.es\\\/aviso-legal\\\/#breadcrumb\"},\"inLanguage\":\"eu\",\"potentialAction\":[{\"@type\":\"ReadAction\",\"target\":[\"https:\\\/\\\/insobil.es\\\/aviso-legal\\\/\"]}]},{\"@type\":\"BreadcrumbList\",\"@id\":\"https:\\\/\\\/insobil.es\\\/aviso-legal\\\/#breadcrumb\",\"itemListElement\":[{\"@type\":\"ListItem\",\"position\":1,\"name\":\"Portada\",\"item\":\"https:\\\/\\\/insobil.es\\\/\"},{\"@type\":\"ListItem\",\"position\":2,\"name\":\"Aviso Legal\"}]},{\"@type\":\"WebSite\",\"@id\":\"https:\\\/\\\/insobil.es\\\/#website\",\"url\":\"https:\\\/\\\/insobil.es\\\/\",\"name\":\"INSOBIL AISLAMIENTOS\",\"description\":\"Soluciones avanzadas para reducir el ruido y mejorar la calidad sonora en todo tipo de espacios. Aplicamos tecnolog\u00eda innovadora y materiales de alta calidad para garantizar los mejores resultados.\",\"potentialAction\":[{\"@type\":\"SearchAction\",\"target\":{\"@type\":\"EntryPoint\",\"urlTemplate\":\"https:\\\/\\\/insobil.es\\\/?s={search_term_string}\"},\"query-input\":{\"@type\":\"PropertyValueSpecification\",\"valueRequired\":true,\"valueName\":\"search_term_string\"}}],\"inLanguage\":\"eu\"}]}<\/script>\n<!-- \/ Yoast SEO plugin. -->","yoast_head_json":{"title":"Aviso Legal - INSOBIL AISLAMIENTOS","robots":{"index":"index","follow":"follow","max-snippet":"max-snippet:-1","max-image-preview":"max-image-preview:large","max-video-preview":"max-video-preview:-1"},"canonical":"https:\/\/insobil.es\/eu\/aviso-legal\/","og_locale":"en_US","og_type":"article","og_title":"Aviso Legal - INSOBIL AISLAMIENTOS","og_url":"https:\/\/insobil.es\/eu\/aviso-legal\/","og_site_name":"INSOBIL AISLAMIENTOS","article_modified_time":"2025-05-29T09:11:18+00:00","twitter_card":"summary_large_image","twitter_misc":{"Est. reading time":"2 minutua"},"schema":{"@context":"https:\/\/schema.org","@graph":[{"@type":"WebPage","@id":"https:\/\/insobil.es\/aviso-legal\/","url":"https:\/\/insobil.es\/aviso-legal\/","name":"Aviso Legal - INSOBIL AISLAMIENTOS","isPartOf":{"@id":"https:\/\/insobil.es\/#website"},"datePublished":"2025-05-29T09:10:46+00:00","dateModified":"2025-05-29T09:11:18+00:00","breadcrumb":{"@id":"https:\/\/insobil.es\/aviso-legal\/#breadcrumb"},"inLanguage":"eu","potentialAction":[{"@type":"ReadAction","target":["https:\/\/insobil.es\/aviso-legal\/"]}]},{"@type":"BreadcrumbList","@id":"https:\/\/insobil.es\/aviso-legal\/#breadcrumb","itemListElement":[{"@type":"ListItem","position":1,"name":"Portada","item":"https:\/\/insobil.es\/"},{"@type":"ListItem","position":2,"name":"Aviso Legal"}]},{"@type":"WebSite","@id":"https:\/\/insobil.es\/#website","url":"https:\/\/insobil.es\/","name":"INSOBIL AISLAMIENTOS","description":"Soluciones avanzadas para reducir el ruido y mejorar la calidad sonora en todo tipo de espacios. Aplicamos tecnolog\u00eda innovadora y materiales de alta calidad para garantizar los mejores resultados.","potentialAction":[{"@type":"SearchAction","target":{"@type":"EntryPoint","urlTemplate":"https:\/\/insobil.es\/?s={search_term_string}"},"query-input":{"@type":"PropertyValueSpecification","valueRequired":true,"valueName":"search_term_string"}}],"inLanguage":"eu"}]}},"_links":{"self":[{"href":"https:\/\/insobil.es\/eu\/wp-json\/wp\/v2\/pages\/4272","targetHints":{"allow":["GET"]}}],"collection":[{"href":"https:\/\/insobil.es\/eu\/wp-json\/wp\/v2\/pages"}],"about":[{"href":"https:\/\/insobil.es\/eu\/wp-json\/wp\/v2\/types\/page"}],"author":[{"embeddable":true,"href":"https:\/\/insobil.es\/eu\/wp-json\/wp\/v2\/users\/1"}],"replies":[{"embeddable":true,"href":"https:\/\/insobil.es\/eu\/wp-json\/wp\/v2\/comments?post=4272"}],"version-history":[{"count":3,"href":"https:\/\/insobil.es\/eu\/wp-json\/wp\/v2\/pages\/4272\/revisions"}],"predecessor-version":[{"id":4275,"href":"https:\/\/insobil.es\/eu\/wp-json\/wp\/v2\/pages\/4272\/revisions\/4275"}],"wp:attachment":[{"href":"https:\/\/insobil.es\/eu\/wp-json\/wp\/v2\/media?parent=4272"}],"curies":[{"name":"wp","href":"https:\/\/api.w.org\/{rel}","templated":true}]}}