{"id":3,"date":"2025-02-21T13:45:56","date_gmt":"2025-02-21T12:45:56","guid":{"rendered":"https:\/\/insobil.es\/?page_id=3"},"modified":"2025-05-29T11:05:30","modified_gmt":"2025-05-29T09:05:30","slug":"politica-privacidad","status":"publish","type":"page","link":"https:\/\/insobil.es\/eu\/politica-privacidad\/","title":{"rendered":"Pol\u00edtica de privacidad"},"content":{"rendered":"<div class=\"wpb-content-wrapper\"><div id=\"tm-row-69eba6981d88c\" class=\"vc_row vc_row-outer vc_row-fluid\"><div id=\"tm-column-69eba6981e0c9\" class=\"wpb_column vc_column_container vc_col-sm-12\"><div class=\"vc_column-inner\"><div class=\"wpb_wrapper\">\n\t<div class=\"wpb_text_column wpb_content_element\" >\n\t\t<div class=\"wpb_wrapper\">\n\t\t\t<h2>POL\u00cdTICA DE PRIVACIDAD<\/h2>\n<p>Nuestra Pol\u00edtica de Privacidad tiene por objetivo informarte sobre los derechos que te asisten en virtud del Reglamento (UE) 2016\/679, General de Protecci\u00f3n de Datos y de la Ley Org\u00e1nica 3\/2018, de 5 de diciembre, de Protecci\u00f3n de Datos Personales y garant\u00eda de los derechos digitales, por lo cual,\u00a0 te informamos de lo siguiente:<\/p>\n<h3>Responsable del tratamiento.<\/h3>\n<p><strong>Titular<\/strong>: Marcos Gull\u00f3n Monroy <br \/><strong>Domicilio social<\/strong>: Calle Gortabarri 1, 2\u00baB 48820 GUE\u00d1ES (BIZKAIA)<br \/><strong>Correo<\/strong> <strong>electr\u00f3nico<\/strong>: insobil@insobil.es<br \/><strong>P\u00e1gina web<\/strong>: www.insobil.es<\/p>\n<p>Si tienes cualquier tipo de consulta, duda o sugerencia en relaci\u00f3n a c\u00f3mo usamos tus datos personales puedes dirigirte a trav\u00e9s de la direcci\u00f3n de correo electr\u00f3nico insobil@insobil.es<\/p>\n<h3>Finalidad.<\/h3>\n<p>Recabamos y tratamos tu informaci\u00f3n personal para gestionar la relaci\u00f3n que mantenemos contigo siendo las principales finalidades las siguientes:<\/p>\n<p>&#8211; Gesti\u00f3n y contrataci\u00f3n de los productos y servicios ofrecidos por nuestra empresa.<\/p>\n<p>&#8211; Canalizar las solicitudes de informaci\u00f3n, sugerencias y reclamaciones que nos puedan hacer llegar.<\/p>\n<h3>\u00bfC\u00f3mo obtenemos tu informaci\u00f3n?<\/h3>\n<p>La informaci\u00f3n personal que tratamos se limita a datos identificativos (nombre y apellidos, domicilio, DNI, tel\u00e9fono y correo electr\u00f3nico), servicios contratados y datos de pago y facturaci\u00f3n.<\/p>\n<p>Insobil Aislamientos utiliza redes sociales y esta es otra forma de llegar a ti. La informaci\u00f3n recogida a trav\u00e9s de los mensajes y comunicaciones que publicas puede contener informaci\u00f3n personal que se encuentra disponible online y accesible al p\u00fablico. Estas redes sociales cuentan con sus propias pol\u00edticas de privacidad donde se explica c\u00f3mo utilizan y comparten tu informaci\u00f3n.<\/p>\n<p>A trav\u00e9s de nuestra p\u00e1gina web recabamos informaci\u00f3n personal relacionada con tu navegaci\u00f3n a trav\u00e9s del uso de cookies. Para conocer de manera clara y precisa las cookies que utilizamos, puedes consultar nuestra Pol\u00edtica de cookies.<\/p>\n<h3>Responsabilidad del usuario.<\/h3>\n<p>Al facilitarnos tus datos a trav\u00e9s de canales electr\u00f3nicos, el usuario garantiza que los datos facilitados son verdaderos, exactos, completos y actualizados.<\/p>\n<p>A estos efectos, el usuario confirma que responde de la veracidad de los datos comunicados y se har\u00e1 responsable de los datos falsos que pudiera proporcionar, as\u00ed como de los da\u00f1os y perjuicios que pudieran derivarse.<\/p>\n<h3>Tiempo de conservaci\u00f3n de su informaci\u00f3n.<\/h3>\n<p>S\u00f3lo conservamos tu informaci\u00f3n por el periodo de tiempo necesario para cumplir con la finalidad para la que fue recogida y dar si se nos requiere, cumplimiento a las obligaciones legales que nos vienen impuestas<\/p>\n<p>Por regla general, mantendremos tu informaci\u00f3n personal mientras exista una relaci\u00f3n contractual que nos vincule.<\/p>\n<h3>Comunicaci\u00f3n de datos personales.<\/h3>\n<p>No compartimos tu informaci\u00f3n personal, salvo aquellas cesiones que debemos realizar en base a obligaciones legales impuestas. Asimismo, tu informaci\u00f3n personal estar\u00e1 a disposici\u00f3n de las Administraciones P\u00fablicas, Jueces y Tribunales, para la atenci\u00f3n de posibles responsabilidades nacidas del tratamiento.<\/p>\n<h3>Transferencias internacionales de datos.<\/h3>\n<p>No existen transferencias internacionales de tus datos.<\/p>\n<h3>Tus derechos con relaci\u00f3n al tratamiento de tus datos.<\/h3>\n<p>La normativa permite que puedas ejercer tus derechos de acceso, rectificaci\u00f3n, supresi\u00f3n y portabilidad de datos, oposici\u00f3n y limitaci\u00f3n a tu tratamiento, as\u00ed como a no ser objeto de decisiones basadas \u00fanicamente en el tratamiento automatizado de sus datos. Para ejercer tus derechos puedes enviarnos una solicitud a trav\u00e9s del correo electr\u00f3nico <a href=\"mailto:insobil@insobil.es\">insobil@insobil.es<\/a> con la referencia Ejercicio de Derechos LOPD.<\/p>\n<h3>Compromiso.<\/h3>\n<p>Nos comprometemos a proteger tu informaci\u00f3n personal a trav\u00e9s de medidas, controles y procedimientos razonablemente fiables y efectivos para garantizar tu privacidad.<\/p>\n\n\t\t<\/div>\n\t<\/div>\n<\/div><\/div><\/div><\/div>\n<\/div>","protected":false},"excerpt":{"rendered":"POL\u00cdTICA DE PRIVACIDAD Nuestra Pol\u00edtica de Privacidad tiene por objetivo informarte sobre los derechos que te asisten en virtud del Reglamento (UE) 2016\/679, General de Protecci\u00f3n de Datos y de la Ley Org\u00e1nica 3\/2018, de 5 de diciembre, de Protecci\u00f3n de Datos Personales y garant\u00eda de los derechos digitales, por lo cual,\u00a0 te informamos de lo siguiente: Responsable del tratamiento. Titular: Marcos Gull\u00f3n Monroy Domicilio social: Calle Gortabarri 1, 2\u00baB 48820 GUE\u00d1ES (BIZKAIA)Correo electr\u00f3nico: insobil@insobil.esP\u00e1gina web: www.insobil.es Si tienes cualquier tipo de consulta, duda o sugerencia en relaci\u00f3n a c\u00f3mo usamos tus datos personales puedes dirigirte a trav\u00e9s de la direcci\u00f3n de correo electr\u00f3nico insobil@insobil.es Finalidad. Recabamos y tratamos tu informaci\u00f3n personal para gestionar la relaci\u00f3n que mantenemos contigo siendo las principales finalidades las siguientes: - Gesti\u00f3n y contrataci\u00f3n de los productos y servicios ofrecidos por nuestra empresa. - Canalizar las solicitudes de informaci\u00f3n, sugerencias y reclamaciones que nos puedan hacer llegar. \u00bfC\u00f3mo obtenemos tu informaci\u00f3n? La informaci\u00f3n personal que tratamos se limita a datos identificativos (nombre y apellidos, domicilio, DNI, tel\u00e9fono y correo electr\u00f3nico), servicios contratados y datos de pago y facturaci\u00f3n. Insobil Aislamientos utiliza redes sociales y esta es otra forma de llegar a ti. La informaci\u00f3n recogida a trav\u00e9s de los mensajes y comunicaciones que publicas puede contener informaci\u00f3n personal que se encuentra disponible online y accesible al p\u00fablico. Estas redes sociales cuentan con sus propias pol\u00edticas de privacidad donde se explica c\u00f3mo utilizan y comparten tu informaci\u00f3n. A trav\u00e9s de nuestra p\u00e1gina web recabamos informaci\u00f3n personal relacionada con tu navegaci\u00f3n a trav\u00e9s del uso de cookies. Para conocer de manera clara y precisa las cookies que utilizamos, puedes consultar nuestra Pol\u00edtica de cookies. Responsabilidad del usuario. Al facilitarnos tus datos a trav\u00e9s de canales electr\u00f3nicos, el usuario garantiza que los datos facilitados son verdaderos, exactos, completos y actualizados. A estos efectos, el usuario confirma que responde de la veracidad de los datos comunicados y se har\u00e1 responsable de los datos falsos que pudiera proporcionar, as\u00ed como de los da\u00f1os y perjuicios que pudieran derivarse. Tiempo de conservaci\u00f3n de su informaci\u00f3n. S\u00f3lo conservamos tu informaci\u00f3n por el periodo de tiempo necesario para cumplir con la finalidad para la que fue recogida y dar si se nos requiere, cumplimiento a las obligaciones legales que nos vienen impuestas Por regla general, mantendremos tu informaci\u00f3n personal mientras exista una relaci\u00f3n contractual que nos vincule. Comunicaci\u00f3n de datos personales. No compartimos tu informaci\u00f3n personal, salvo aquellas cesiones que debemos realizar en base a obligaciones legales impuestas. Asimismo, tu informaci\u00f3n personal estar\u00e1 a disposici\u00f3n de las Administraciones P\u00fablicas, Jueces y Tribunales, para la atenci\u00f3n de posibles responsabilidades nacidas del tratamiento. Transferencias internacionales de datos. No existen transferencias internacionales de tus datos. Tus derechos con relaci\u00f3n al tratamiento de tus datos. La normativa permite que puedas ejercer tus derechos de acceso, rectificaci\u00f3n, supresi\u00f3n y portabilidad de datos, oposici\u00f3n y limitaci\u00f3n a tu tratamiento, as\u00ed como a no ser objeto de decisiones basadas \u00fanicamente en el tratamiento automatizado de sus datos. Para ejercer tus derechos puedes enviarnos una solicitud a trav\u00e9s del correo electr\u00f3nico insobil@insobil.es con la referencia Ejercicio de Derechos LOPD. Compromiso. Nos comprometemos a proteger tu informaci\u00f3n personal a trav\u00e9s de medidas, controles y procedimientos razonablemente fiables y efectivos para garantizar tu privacidad.","protected":false},"author":1,"featured_media":0,"parent":0,"menu_order":0,"comment_status":"closed","ping_status":"open","template":"","meta":{"inline_featured_image":false,"footnotes":""},"class_list":["post-3","page","type-page","status-publish","hentry"],"yoast_head":"<!-- This site is optimized with the Yoast SEO plugin v27.4 - https:\/\/yoast.com\/product\/yoast-seo-wordpress\/ -->\n<title>Pol\u00edtica de privacidad - INSOBIL AISLAMIENTOS<\/title>\n<meta name=\"robots\" content=\"index, follow, max-snippet:-1, max-image-preview:large, max-video-preview:-1\" \/>\n<link rel=\"canonical\" href=\"https:\/\/insobil.es\/eu\/politica-privacidad\/\" \/>\n<meta property=\"og:locale\" content=\"en_US\" \/>\n<meta property=\"og:type\" content=\"article\" \/>\n<meta property=\"og:title\" content=\"Pol\u00edtica de privacidad - INSOBIL AISLAMIENTOS\" \/>\n<meta property=\"og:url\" content=\"https:\/\/insobil.es\/eu\/politica-privacidad\/\" \/>\n<meta property=\"og:site_name\" content=\"INSOBIL AISLAMIENTOS\" \/>\n<meta property=\"article:modified_time\" content=\"2025-05-29T09:05:30+00:00\" \/>\n<meta name=\"twitter:card\" content=\"summary_large_image\" \/>\n<meta name=\"twitter:label1\" content=\"Est. reading time\" \/>\n\t<meta name=\"twitter:data1\" content=\"3 minutua\" \/>\n<script type=\"application\/ld+json\" class=\"yoast-schema-graph\">{\"@context\":\"https:\\\/\\\/schema.org\",\"@graph\":[{\"@type\":\"WebPage\",\"@id\":\"https:\\\/\\\/insobil.es\\\/politica-privacidad\\\/\",\"url\":\"https:\\\/\\\/insobil.es\\\/politica-privacidad\\\/\",\"name\":\"Pol\u00edtica de privacidad - INSOBIL AISLAMIENTOS\",\"isPartOf\":{\"@id\":\"https:\\\/\\\/insobil.es\\\/#website\"},\"datePublished\":\"2025-02-21T12:45:56+00:00\",\"dateModified\":\"2025-05-29T09:05:30+00:00\",\"breadcrumb\":{\"@id\":\"https:\\\/\\\/insobil.es\\\/politica-privacidad\\\/#breadcrumb\"},\"inLanguage\":\"eu\",\"potentialAction\":[{\"@type\":\"ReadAction\",\"target\":[\"https:\\\/\\\/insobil.es\\\/politica-privacidad\\\/\"]}]},{\"@type\":\"BreadcrumbList\",\"@id\":\"https:\\\/\\\/insobil.es\\\/politica-privacidad\\\/#breadcrumb\",\"itemListElement\":[{\"@type\":\"ListItem\",\"position\":1,\"name\":\"Portada\",\"item\":\"https:\\\/\\\/insobil.es\\\/\"},{\"@type\":\"ListItem\",\"position\":2,\"name\":\"Pol\u00edtica de privacidad\"}]},{\"@type\":\"WebSite\",\"@id\":\"https:\\\/\\\/insobil.es\\\/#website\",\"url\":\"https:\\\/\\\/insobil.es\\\/\",\"name\":\"INSOBIL AISLAMIENTOS\",\"description\":\"Soluciones avanzadas para reducir el ruido y mejorar la calidad sonora en todo tipo de espacios. Aplicamos tecnolog\u00eda innovadora y materiales de alta calidad para garantizar los mejores resultados.\",\"potentialAction\":[{\"@type\":\"SearchAction\",\"target\":{\"@type\":\"EntryPoint\",\"urlTemplate\":\"https:\\\/\\\/insobil.es\\\/?s={search_term_string}\"},\"query-input\":{\"@type\":\"PropertyValueSpecification\",\"valueRequired\":true,\"valueName\":\"search_term_string\"}}],\"inLanguage\":\"eu\"}]}<\/script>\n<!-- \/ Yoast SEO plugin. -->","yoast_head_json":{"title":"Pol\u00edtica de privacidad - INSOBIL AISLAMIENTOS","robots":{"index":"index","follow":"follow","max-snippet":"max-snippet:-1","max-image-preview":"max-image-preview:large","max-video-preview":"max-video-preview:-1"},"canonical":"https:\/\/insobil.es\/eu\/politica-privacidad\/","og_locale":"en_US","og_type":"article","og_title":"Pol\u00edtica de privacidad - INSOBIL AISLAMIENTOS","og_url":"https:\/\/insobil.es\/eu\/politica-privacidad\/","og_site_name":"INSOBIL AISLAMIENTOS","article_modified_time":"2025-05-29T09:05:30+00:00","twitter_card":"summary_large_image","twitter_misc":{"Est. reading time":"3 minutua"},"schema":{"@context":"https:\/\/schema.org","@graph":[{"@type":"WebPage","@id":"https:\/\/insobil.es\/politica-privacidad\/","url":"https:\/\/insobil.es\/politica-privacidad\/","name":"Pol\u00edtica de privacidad - INSOBIL AISLAMIENTOS","isPartOf":{"@id":"https:\/\/insobil.es\/#website"},"datePublished":"2025-02-21T12:45:56+00:00","dateModified":"2025-05-29T09:05:30+00:00","breadcrumb":{"@id":"https:\/\/insobil.es\/politica-privacidad\/#breadcrumb"},"inLanguage":"eu","potentialAction":[{"@type":"ReadAction","target":["https:\/\/insobil.es\/politica-privacidad\/"]}]},{"@type":"BreadcrumbList","@id":"https:\/\/insobil.es\/politica-privacidad\/#breadcrumb","itemListElement":[{"@type":"ListItem","position":1,"name":"Portada","item":"https:\/\/insobil.es\/"},{"@type":"ListItem","position":2,"name":"Pol\u00edtica de privacidad"}]},{"@type":"WebSite","@id":"https:\/\/insobil.es\/#website","url":"https:\/\/insobil.es\/","name":"INSOBIL AISLAMIENTOS","description":"Soluciones avanzadas para reducir el ruido y mejorar la calidad sonora en todo tipo de espacios. Aplicamos tecnolog\u00eda innovadora y materiales de alta calidad para garantizar los mejores resultados.","potentialAction":[{"@type":"SearchAction","target":{"@type":"EntryPoint","urlTemplate":"https:\/\/insobil.es\/?s={search_term_string}"},"query-input":{"@type":"PropertyValueSpecification","valueRequired":true,"valueName":"search_term_string"}}],"inLanguage":"eu"}]}},"_links":{"self":[{"href":"https:\/\/insobil.es\/eu\/wp-json\/wp\/v2\/pages\/3","targetHints":{"allow":["GET"]}}],"collection":[{"href":"https:\/\/insobil.es\/eu\/wp-json\/wp\/v2\/pages"}],"about":[{"href":"https:\/\/insobil.es\/eu\/wp-json\/wp\/v2\/types\/page"}],"author":[{"embeddable":true,"href":"https:\/\/insobil.es\/eu\/wp-json\/wp\/v2\/users\/1"}],"replies":[{"embeddable":true,"href":"https:\/\/insobil.es\/eu\/wp-json\/wp\/v2\/comments?post=3"}],"version-history":[{"count":3,"href":"https:\/\/insobil.es\/eu\/wp-json\/wp\/v2\/pages\/3\/revisions"}],"predecessor-version":[{"id":4271,"href":"https:\/\/insobil.es\/eu\/wp-json\/wp\/v2\/pages\/3\/revisions\/4271"}],"wp:attachment":[{"href":"https:\/\/insobil.es\/eu\/wp-json\/wp\/v2\/media?parent=3"}],"curies":[{"name":"wp","href":"https:\/\/api.w.org\/{rel}","templated":true}]}}