{"id":1088,"date":"2018-08-02T09:21:59","date_gmt":"2018-08-02T09:21:59","guid":{"rendered":"https:\/\/insobil.es\/case-studies-grid-caption-2\/"},"modified":"2025-04-07T20:18:37","modified_gmt":"2025-04-07T18:18:37","slug":"proyectos","status":"publish","type":"page","link":"https:\/\/insobil.es\/eu\/proyectos\/","title":{"rendered":"Proyectos"},"content":{"rendered":"<div class=\"wpb-content-wrapper\"><div id=\"tm-row-69eb940b40b27\" data-vc-full-width=\"true\" data-vc-full-width-init=\"false\" class=\"vc_row vc_row-outer vc_row-fluid\"><div id=\"tm-column-69eb940b412de\" class=\"wpb_column vc_column_container vc_col-sm-12\"><div class=\"vc_column-inner\"><div class=\"wpb_wrapper\">\t<div class=\"tm-grid-wrapper tm-case-study  style-grid-caption-2 tm-animation move-up\" id=\"tm-case-study-69eb940b415e2\"\n\t\t\n\t\t data-filter-type=\"static\"\n\t>\n\t\t\n\t\t\n\t\t<input type=\"hidden\" class=\"tm-grid-query\" value=\"{&quot;post_type&quot;:&quot;case_study&quot;,&quot;posts_per_page&quot;:&quot;6&quot;,&quot;orderby&quot;:&quot;date&quot;,&quot;order&quot;:&quot;DESC&quot;,&quot;paged&quot;:1,&quot;post_status&quot;:&quot;publish&quot;,&quot;action&quot;:&quot;case_study_infinite_load&quot;,&quot;max_num_pages&quot;:1,&quot;found_posts&quot;:4,&quot;taxonomies&quot;:&quot;&quot;,&quot;style&quot;:&quot;grid-caption-2&quot;,&quot;image_size&quot;:&quot;370x250&quot;,&quot;pagination&quot;:&quot;pagination&quot;,&quot;count&quot;:4}\"\/>\n\n\t\t\n\t\t\t\t<div class=\"tm-grid modern-grid has-animation move-up\">\n\n\t\t\t\t\t\t<div class=\"case-study-item grid-item post-3658 case_study type-case_study status-publish has-post-thumbnail hentry\">\n\t\t<div class=\"post-item-wrap\">\n\t\t\t<div class=\"post-thumbnail-wrap\">\n\t\t\t\t<a href=\"https:\/\/insobil.es\/eu\/case_study\/insuflado-de-asilamiento\/\">\n\t\t\t\t\t<div class=\"post-thumbnail\">\n\t\t\t\t\t\t\t\t\t\t\t\t\t<img decoding=\"async\" src=\"https:\/\/insobil.es\/wp-content\/uploads\/2025\/05\/1Vista-General-Edifico-Fase-1-scaled-370x250.jpg\" alt=\"Insuflado de Aislamiento\" \/>\t\t\t\t\t\t\n\t\t\t\t\t<\/div>\n\t\t\t\t<\/a>\n\t\t\t<\/div>\n\t\t\t<div class=\"post-info\">\n\t\t\t\t<h5 class=\"post-title\">\n\t\t\t\t\t<a href=\"https:\/\/insobil.es\/eu\/case_study\/insuflado-de-asilamiento\/\">Insuflado de Aislamiento<\/a>\n\t\t\t\t<\/h5>\n\t\t\t\t<div class=\"post-excerpt\">\n\t\t\t\t\t<p>Environment-friendly parks for greener living habitation &hellip;<\/p>\t\t\t\t<\/div>\n\t\t\t\t<div class=\"post-read-more\">\n\t\t\t\t\t<a href=\"https:\/\/insobil.es\/eu\/case_study\/insuflado-de-asilamiento\/\">\n\t\t\t\t\t\t<span class=\"ion-arrow-right-c\"><\/span>\n\t\t\t\t\t<\/a>\n\t\t\t\t<\/div>\n\t\t\t<\/div>\n\t\t<\/div>\n\t<\/div>\n\t<div class=\"case-study-item grid-item post-3203 case_study type-case_study status-publish has-post-thumbnail hentry\">\n\t\t<div class=\"post-item-wrap\">\n\t\t\t<div class=\"post-thumbnail-wrap\">\n\t\t\t\t<a href=\"https:\/\/insobil.es\/eu\/case_study\/puertas-acusticas\/\">\n\t\t\t\t\t<div class=\"post-thumbnail\">\n\t\t\t\t\t\t\t\t\t\t\t\t\t<img decoding=\"async\" src=\"https:\/\/insobil.es\/wp-content\/uploads\/2025\/04\/41-scaled-370x250.jpg\" alt=\"Puertas Ac\u00fasticas\" \/>\t\t\t\t\t\t\n\t\t\t\t\t<\/div>\n\t\t\t\t<\/a>\n\t\t\t<\/div>\n\t\t\t<div class=\"post-info\">\n\t\t\t\t<h5 class=\"post-title\">\n\t\t\t\t\t<a href=\"https:\/\/insobil.es\/eu\/case_study\/puertas-acusticas\/\">Puertas Ac\u00fasticas<\/a>\n\t\t\t\t<\/h5>\n\t\t\t\t<div class=\"post-excerpt\">\n\t\t\t\t\t<p>Connects people from all over the country and &hellip;<\/p>\t\t\t\t<\/div>\n\t\t\t\t<div class=\"post-read-more\">\n\t\t\t\t\t<a href=\"https:\/\/insobil.es\/eu\/case_study\/puertas-acusticas\/\">\n\t\t\t\t\t\t<span class=\"ion-arrow-right-c\"><\/span>\n\t\t\t\t\t<\/a>\n\t\t\t\t<\/div>\n\t\t\t<\/div>\n\t\t<\/div>\n\t<\/div>\n\t<div class=\"case-study-item grid-item post-3197 case_study type-case_study status-publish has-post-thumbnail hentry\">\n\t\t<div class=\"post-item-wrap\">\n\t\t\t<div class=\"post-thumbnail-wrap\">\n\t\t\t\t<a href=\"https:\/\/insobil.es\/eu\/case_study\/acustica-de-un-local\/\">\n\t\t\t\t\t<div class=\"post-thumbnail\">\n\t\t\t\t\t\t\t\t\t\t\t\t\t<img decoding=\"async\" src=\"https:\/\/insobil.es\/wp-content\/uploads\/2025\/04\/8-acabado-370x250.jpg\" alt=\"Ac\u00fastica de un Local\" \/>\t\t\t\t\t\t\n\t\t\t\t\t<\/div>\n\t\t\t\t<\/a>\n\t\t\t<\/div>\n\t\t\t<div class=\"post-info\">\n\t\t\t\t<h5 class=\"post-title\">\n\t\t\t\t\t<a href=\"https:\/\/insobil.es\/eu\/case_study\/acustica-de-un-local\/\">Ac\u00fastica de un Local<\/a>\n\t\t\t\t<\/h5>\n\t\t\t\t<div class=\"post-excerpt\">\n\t\t\t\t\t<p>Environment-friendly parks for greener living habitation &hellip;<\/p>\t\t\t\t<\/div>\n\t\t\t\t<div class=\"post-read-more\">\n\t\t\t\t\t<a href=\"https:\/\/insobil.es\/eu\/case_study\/acustica-de-un-local\/\">\n\t\t\t\t\t\t<span class=\"ion-arrow-right-c\"><\/span>\n\t\t\t\t\t<\/a>\n\t\t\t\t<\/div>\n\t\t\t<\/div>\n\t\t<\/div>\n\t<\/div>\n\t<div class=\"case-study-item grid-item post-1021 case_study type-case_study status-publish has-post-thumbnail hentry\">\n\t\t<div class=\"post-item-wrap\">\n\t\t\t<div class=\"post-thumbnail-wrap\">\n\t\t\t\t<a href=\"https:\/\/insobil.es\/eu\/case_study\/aislamientos-termicos\/\">\n\t\t\t\t\t<div class=\"post-thumbnail\">\n\t\t\t\t\t\t\t\t\t\t\t\t\t<img decoding=\"async\" src=\"https:\/\/insobil.es\/wp-content\/uploads\/2018\/08\/4-aislamiento-termoacustico-bajocubierta.-ret-scaled-370x250.jpg\" alt=\"Aislamientos Termoac\u00fasticos\" \/>\t\t\t\t\t\t\n\t\t\t\t\t<\/div>\n\t\t\t\t<\/a>\n\t\t\t<\/div>\n\t\t\t<div class=\"post-info\">\n\t\t\t\t<h5 class=\"post-title\">\n\t\t\t\t\t<a href=\"https:\/\/insobil.es\/eu\/case_study\/aislamientos-termicos\/\">Aislamientos Termoac\u00fasticos<\/a>\n\t\t\t\t<\/h5>\n\t\t\t\t<div class=\"post-excerpt\">\n\t\t\t\t\t<p>Connects people from all over the country and &hellip;<\/p>\t\t\t\t<\/div>\n\t\t\t\t<div class=\"post-read-more\">\n\t\t\t\t\t<a href=\"https:\/\/insobil.es\/eu\/case_study\/aislamientos-termicos\/\">\n\t\t\t\t\t\t<span class=\"ion-arrow-right-c\"><\/span>\n\t\t\t\t\t<\/a>\n\t\t\t\t<\/div>\n\t\t\t<\/div>\n\t\t<\/div>\n\t<\/div>\n\n\t\t\t\t<\/div>\n\n\t\t\t\t\n\t\t\n\t<\/div>\n\t<\/div><\/div><\/div><\/div><div class=\"vc_row-full-width vc_clearfix\"><\/div>\n<\/div>","protected":false},"excerpt":{"rendered":"Rehabilitaci\u00f3n de vivienda en Bilbao Rehabilitaci\u00f3n de vivienda en Bilbao a base de insuflado en c\u00e1maras de aire de fachada con lana mineral y seguidamente construcci\u00f3n de sistemas de obra seca con aislamiento de tabiquer\u00eda interior y trasdosados de paredes existentes con placas de alta dureza y ac\u00fasticas y construcci\u00f3n de falsos techos en tres plantas con aislamiento. El resultado es una vivienda antigua totalmente adaptada con consumos de energ\u00eda casi nulo y con altos niveles de aislamiento ac\u00fastico. Proceso El problema y la soluci\u00f3n Vivienda con varias d\u00e9cadas de atig\u00fcedad con deficiencia t\u00e9rmica. Deficiencia de aislamiento t\u00e9rmico Muchas viviendas en Bilbao, especialmente aquellas construidas hace varias d\u00e9cadas, presentan un deficiente aislamiento t\u00e9rmico que repercute directamente en el confort interior y el consumo energ\u00e9tico. Las fachadas sin aislamiento o con c\u00e1maras de aire vac\u00edas permiten filtraciones de fr\u00edo y humedad, generando estancias poco eficientes y costosas de climatizar. Adem\u00e1s, las soluciones tradicionales de rehabilitaci\u00f3n suelen implicar obras complejas, invasivas y prolongadas, lo que retrasa la mejora del rendimiento energ\u00e9tico de la vivienda. Insuflado de lana mineral en las c\u00e1maras de aire de la fachada Para esta rehabilitaci\u00f3n en Bilbao, hemos apostado por: el insuflado de lana mineral en las c\u00e1maras de aire de la fachada. Este sistema mejora significativamente el aislamiento t\u00e9rmico sin necesidad de obras invasivas. A continuaci\u00f3n, se han instalado sistemas de obra seca con aislamiento interior, que refuerzan la eficiencia energ\u00e9tica y permiten una renovaci\u00f3n est\u00e9tica del espacio. El resultado es una vivienda m\u00e1s confortable, energ\u00e9ticamente eficiente y lista para afrontar las exigencias clim\u00e1ticas de la zona con un consumo reducido. Nuestros procesos Nuestros procesos se cimentan en la confianza y la cercan\u00eda y, por ello, nos gusta ser transparentes. Evaluaci\u00f3n inicial de la vivienda Analizamos el estado actual del edificio, detectando la ausencia o deficiencia de aislamiento en las c\u00e1maras de aire de fachada. Este diagn\u00f3stico nos permite planificar una intervenci\u00f3n eficiente, adaptada a las condiciones t\u00e9rmicas y estructurales del inmueble. Insuflado de lana mineral en c\u00e1maras de aire Procedemos al insuflado de lana mineral en las c\u00e1maras de aire existentes, una t\u00e9cnica r\u00e1pida y no invasiva que mejora de forma inmediata la capacidad de aislamiento t\u00e9rmico de la envolvente del edificio, sin alterar su aspecto exterior. Instalaci\u00f3n de sistemas de obra seca con aislamiento Complementamos la actuaci\u00f3n mediante la construcci\u00f3n de sistemas de obra seca (como trasdosados interiores con aislamiento) que refuerzan el rendimiento t\u00e9rmico y ac\u00fastico, y permiten una renovaci\u00f3n interior funcional y est\u00e9tica. Verificaci\u00f3n de mejoras y confort Finalizada la intervenci\u00f3n, realizamos comprobaciones de eficiencia energ\u00e9tica y confort interior. La vivienda queda notablemente m\u00e1s aislada, confortable y eficiente, con una soluci\u00f3n limpia, duradera y adaptada al clima de Bilbao. 01. Evaluaci\u00f3n inicial de la vivienda Analizamos el estado actual del edificio, detectando la ausencia o deficiencia de aislamiento en las c\u00e1maras de aire de fachada. Este diagn\u00f3stico nos permite planificar una intervenci\u00f3n eficiente, adaptada a las condiciones t\u00e9rmicas y estructurales del inmueble. 02. Insuflado de lana mineral en c\u00e1maras de aire Procedemos al insuflado de lana mineral en las c\u00e1maras de aire existentes, una t\u00e9cnica r\u00e1pida y no invasiva que mejora de forma inmediata la capacidad de aislamiento t\u00e9rmico de la envolvente del edificio, sin alterar su aspecto exterior. 03. Instalaci\u00f3n de sistemas de obra seca con aislamiento Complementamos la actuaci\u00f3n mediante la construcci\u00f3n de sistemas de obra seca (como trasdosados interiores con aislamiento) que refuerzan el rendimiento t\u00e9rmico y ac\u00fastico, y permiten una renovaci\u00f3n interior funcional y est\u00e9tica. 04. Verificaci\u00f3n de mejoras y confort Finalizada la intervenci\u00f3n, realizamos comprobaciones de eficiencia energ\u00e9tica y confort interior. La vivienda queda notablemente m\u00e1s aislada, confortable y eficiente, con una soluci\u00f3n limpia, duradera y adaptada al clima de Bilbao.","protected":false},"author":1,"featured_media":0,"parent":0,"menu_order":0,"comment_status":"closed","ping_status":"closed","template":"","meta":{"inline_featured_image":false,"footnotes":""},"class_list":["post-1088","page","type-page","status-publish","hentry"],"yoast_head":"<!-- This site is optimized with the Yoast SEO plugin v27.4 - https:\/\/yoast.com\/product\/yoast-seo-wordpress\/ -->\n<title>Proyectos - INSOBIL AISLAMIENTOS<\/title>\n<meta name=\"robots\" content=\"index, follow, max-snippet:-1, max-image-preview:large, max-video-preview:-1\" \/>\n<link rel=\"canonical\" href=\"https:\/\/insobil.es\/eu\/proyectos\/\" \/>\n<meta property=\"og:locale\" content=\"en_US\" \/>\n<meta property=\"og:type\" content=\"article\" \/>\n<meta property=\"og:title\" content=\"Proyectos - INSOBIL AISLAMIENTOS\" \/>\n<meta property=\"og:url\" content=\"https:\/\/insobil.es\/eu\/proyectos\/\" \/>\n<meta property=\"og:site_name\" content=\"INSOBIL AISLAMIENTOS\" \/>\n<meta property=\"article:modified_time\" content=\"2025-04-07T18:18:37+00:00\" \/>\n<meta name=\"twitter:card\" content=\"summary_large_image\" \/>\n<script type=\"application\/ld+json\" class=\"yoast-schema-graph\">{\"@context\":\"https:\\\/\\\/schema.org\",\"@graph\":[{\"@type\":\"WebPage\",\"@id\":\"https:\\\/\\\/insobil.es\\\/proyectos\\\/\",\"url\":\"https:\\\/\\\/insobil.es\\\/proyectos\\\/\",\"name\":\"Proyectos - INSOBIL AISLAMIENTOS\",\"isPartOf\":{\"@id\":\"https:\\\/\\\/insobil.es\\\/#website\"},\"datePublished\":\"2018-08-02T09:21:59+00:00\",\"dateModified\":\"2025-04-07T18:18:37+00:00\",\"breadcrumb\":{\"@id\":\"https:\\\/\\\/insobil.es\\\/proyectos\\\/#breadcrumb\"},\"inLanguage\":\"eu\",\"potentialAction\":[{\"@type\":\"ReadAction\",\"target\":[\"https:\\\/\\\/insobil.es\\\/proyectos\\\/\"]}]},{\"@type\":\"BreadcrumbList\",\"@id\":\"https:\\\/\\\/insobil.es\\\/proyectos\\\/#breadcrumb\",\"itemListElement\":[{\"@type\":\"ListItem\",\"position\":1,\"name\":\"Portada\",\"item\":\"https:\\\/\\\/insobil.es\\\/\"},{\"@type\":\"ListItem\",\"position\":2,\"name\":\"Proyectos\"}]},{\"@type\":\"WebSite\",\"@id\":\"https:\\\/\\\/insobil.es\\\/#website\",\"url\":\"https:\\\/\\\/insobil.es\\\/\",\"name\":\"INSOBIL AISLAMIENTOS\",\"description\":\"Soluciones avanzadas para reducir el ruido y mejorar la calidad sonora en todo tipo de espacios. Aplicamos tecnolog\u00eda innovadora y materiales de alta calidad para garantizar los mejores resultados.\",\"potentialAction\":[{\"@type\":\"SearchAction\",\"target\":{\"@type\":\"EntryPoint\",\"urlTemplate\":\"https:\\\/\\\/insobil.es\\\/?s={search_term_string}\"},\"query-input\":{\"@type\":\"PropertyValueSpecification\",\"valueRequired\":true,\"valueName\":\"search_term_string\"}}],\"inLanguage\":\"eu\"}]}<\/script>\n<!-- \/ Yoast SEO plugin. -->","yoast_head_json":{"title":"Proyectos - INSOBIL AISLAMIENTOS","robots":{"index":"index","follow":"follow","max-snippet":"max-snippet:-1","max-image-preview":"max-image-preview:large","max-video-preview":"max-video-preview:-1"},"canonical":"https:\/\/insobil.es\/eu\/proyectos\/","og_locale":"en_US","og_type":"article","og_title":"Proyectos - INSOBIL AISLAMIENTOS","og_url":"https:\/\/insobil.es\/eu\/proyectos\/","og_site_name":"INSOBIL AISLAMIENTOS","article_modified_time":"2025-04-07T18:18:37+00:00","twitter_card":"summary_large_image","schema":{"@context":"https:\/\/schema.org","@graph":[{"@type":"WebPage","@id":"https:\/\/insobil.es\/proyectos\/","url":"https:\/\/insobil.es\/proyectos\/","name":"Proyectos - INSOBIL AISLAMIENTOS","isPartOf":{"@id":"https:\/\/insobil.es\/#website"},"datePublished":"2018-08-02T09:21:59+00:00","dateModified":"2025-04-07T18:18:37+00:00","breadcrumb":{"@id":"https:\/\/insobil.es\/proyectos\/#breadcrumb"},"inLanguage":"eu","potentialAction":[{"@type":"ReadAction","target":["https:\/\/insobil.es\/proyectos\/"]}]},{"@type":"BreadcrumbList","@id":"https:\/\/insobil.es\/proyectos\/#breadcrumb","itemListElement":[{"@type":"ListItem","position":1,"name":"Portada","item":"https:\/\/insobil.es\/"},{"@type":"ListItem","position":2,"name":"Proyectos"}]},{"@type":"WebSite","@id":"https:\/\/insobil.es\/#website","url":"https:\/\/insobil.es\/","name":"INSOBIL AISLAMIENTOS","description":"Soluciones avanzadas para reducir el ruido y mejorar la calidad sonora en todo tipo de espacios. Aplicamos tecnolog\u00eda innovadora y materiales de alta calidad para garantizar los mejores resultados.","potentialAction":[{"@type":"SearchAction","target":{"@type":"EntryPoint","urlTemplate":"https:\/\/insobil.es\/?s={search_term_string}"},"query-input":{"@type":"PropertyValueSpecification","valueRequired":true,"valueName":"search_term_string"}}],"inLanguage":"eu"}]}},"_links":{"self":[{"href":"https:\/\/insobil.es\/eu\/wp-json\/wp\/v2\/pages\/1088","targetHints":{"allow":["GET"]}}],"collection":[{"href":"https:\/\/insobil.es\/eu\/wp-json\/wp\/v2\/pages"}],"about":[{"href":"https:\/\/insobil.es\/eu\/wp-json\/wp\/v2\/types\/page"}],"author":[{"embeddable":true,"href":"https:\/\/insobil.es\/eu\/wp-json\/wp\/v2\/users\/1"}],"replies":[{"embeddable":true,"href":"https:\/\/insobil.es\/eu\/wp-json\/wp\/v2\/comments?post=1088"}],"version-history":[{"count":1,"href":"https:\/\/insobil.es\/eu\/wp-json\/wp\/v2\/pages\/1088\/revisions"}],"predecessor-version":[{"id":3370,"href":"https:\/\/insobil.es\/eu\/wp-json\/wp\/v2\/pages\/1088\/revisions\/3370"}],"wp:attachment":[{"href":"https:\/\/insobil.es\/eu\/wp-json\/wp\/v2\/media?parent=1088"}],"curies":[{"name":"wp","href":"https:\/\/api.w.org\/{rel}","templated":true}]}}