{"id":1083,"date":"2018-08-02T09:15:26","date_gmt":"2018-08-02T09:15:26","guid":{"rendered":"https:\/\/insobil.es\/contact-us-02\/"},"modified":"2025-10-22T17:12:53","modified_gmt":"2025-10-22T15:12:53","slug":"contacto","status":"publish","type":"page","link":"https:\/\/insobil.es\/eu\/contacto\/","title":{"rendered":"Contacto"},"content":{"rendered":"<div class=\"wpb-content-wrapper\"><div id=\"tm-row-69eb93325187e\" data-vc-full-width=\"true\" data-vc-full-width-init=\"false\" class=\"vc_row vc_row-outer vc_row-fluid vc_row-o-content-middle vc_row-flex\"><div id=\"tm-column-69eb93325212c\" class=\"wpb_column vc_column_container vc_col-sm-8\"><div class=\"vc_column-inner \"><div class=\"wpb_wrapper\">\n\t<div class=\"wpb_text_column wpb_content_element wpb_animate_when_almost_visible wpb_fadeIn fadeIn vc_custom_1761135174105\" >\n\t\t<div class=\"wpb_wrapper\">\n\t\t\t<p style=\"text-align: left;\"><iframe loading=\"lazy\" style=\"border: 0;\" title=\"Mapa de ubicaci\u00f3n de Mi Empresa en Bilbao\" src=\"https:\/\/www.google.com\/maps\/embed?pb=!1m18!1m12!1m3!1d2906.0783900030233!2d-2.9124777227059435!3d43.24977887842777!2m3!1f0!2f0!3f0!3m2!1i1024!2i768!4f13.1!3m3!1m2!1s0xd4e4fb5a8095345%3A0x3291592dc274277e!2sInsobil%20Aislamientos!5e0!3m2!1ses!2ses!4v1744273793259!5m2!1ses!2ses\" width=\"700\" height=\"500\" allowfullscreen=\"allowfullscreen\"><\/iframe><\/p>\n\n\t\t<\/div>\n\t<\/div>\n<\/div><\/div><\/div><div id=\"tm-column-69eb933253676\" class=\"wpb_column vc_column_container vc_col-sm-4\"><div class=\"vc_column-inner \"><div class=\"wpb_wrapper\"><div class=\"tm-image  tm-animation move-up\" id=\"tm-image-69eb9332539ca\">\n\t\t\t<div class=\"image\"><img decoding=\"async\" src=\"https:\/\/insobil.es\/wp-content\/uploads\/2018\/07\/insobil-logo_color.png\" alt=\"campo Alt text o Image alt attribute\" \/><\/div>\t\t<\/div>\n<div class=\"tm-animation move-up tm-office-info\">\n\t<div class=\"title\">Bilbao<\/div>\t<div class=\"info\">\n\t\t<div class=\"address\">Barrio Azurleku 21, lonja 2, 48004 Bilbao, Bizkaia<\/div><div class=\"email\">insobil@insobil.es<\/div><div class=\"phone\">(+34) 946 53 10 21 \/ (+34) 660 10 74 68<\/div>\t<\/div>\n\t<\/div>\n<\/div><\/div><\/div><\/div><div class=\"vc_row-full-width vc_clearfix\"><\/div><div id=\"tm-row-69eb93325655c\" data-vc-full-width=\"true\" data-vc-full-width-init=\"false\" class=\"vc_row vc_row-outer vc_row-fluid\"><div id=\"tm-column-69eb9332568f3\" class=\"wpb_column vc_column_container vc_col-sm-8\"><div class=\"vc_column-inner \"><div class=\"wpb_wrapper\">\n<div class=\"tm-heading vc_custom_1744275961069  left tm-animation move-up\" id=\"tm-heading-69eb933256c22\">\n\t<div class=\"heading\" >Formulario de contacto<\/div><\/div>\n\n<div class=\"tm-contact-form-7  style-02 wrap-style-01 tm-animation move-up\" id=\"tm-blog-69eb93325708b\">\n\t\n<div class=\"wpcf7 no-js\" id=\"wpcf7-f8-o1\" lang=\"es-ES\" dir=\"ltr\" data-wpcf7-id=\"8\">\n<div class=\"screen-reader-response\"><p role=\"status\" aria-live=\"polite\" aria-atomic=\"true\"><\/p> <ul><\/ul><\/div>\n<form action=\"\/eu\/wp-json\/wp\/v2\/pages\/1083#wpcf7-f8-o1\" method=\"post\" class=\"wpcf7-form init\" aria-label=\"Formulario de contacto\" novalidate=\"novalidate\" data-status=\"init\">\n<fieldset class=\"hidden-fields-container\"><input type=\"hidden\" name=\"_wpcf7\" value=\"8\" \/><input type=\"hidden\" name=\"_wpcf7_version\" value=\"6.1.2\" \/><input type=\"hidden\" name=\"_wpcf7_locale\" value=\"es_ES\" \/><input type=\"hidden\" name=\"_wpcf7_unit_tag\" value=\"wpcf7-f8-o1\" \/><input type=\"hidden\" name=\"_wpcf7_container_post\" value=\"0\" \/><input type=\"hidden\" name=\"_wpcf7_posted_data_hash\" value=\"\" \/>\n<\/fieldset>\n<p><label> Tu nombre<br \/>\n<span class=\"wpcf7-form-control-wrap\" data-name=\"your-name\"><input size=\"40\" maxlength=\"400\" class=\"wpcf7-form-control wpcf7-text wpcf7-validates-as-required\" autocomplete=\"name\" aria-required=\"true\" aria-invalid=\"false\" value=\"\" type=\"text\" name=\"your-name\" \/><\/span> <\/label>\n<\/p>\n<p><label> Tu correo electr\u00f3nico<br \/>\n<span class=\"wpcf7-form-control-wrap\" data-name=\"your-email\"><input size=\"40\" maxlength=\"400\" class=\"wpcf7-form-control wpcf7-email wpcf7-validates-as-required wpcf7-text wpcf7-validates-as-email\" autocomplete=\"email\" aria-required=\"true\" aria-invalid=\"false\" value=\"\" type=\"email\" name=\"your-email\" \/><\/span> <\/label>\n<\/p>\n<p><label> Asunto<br \/>\n<span class=\"wpcf7-form-control-wrap\" data-name=\"your-subject\"><input size=\"40\" maxlength=\"400\" class=\"wpcf7-form-control wpcf7-text wpcf7-validates-as-required\" aria-required=\"true\" aria-invalid=\"false\" value=\"\" type=\"text\" name=\"your-subject\" \/><\/span> <\/label>\n<\/p>\n<p><label> Tu mensaje (opcional)<br \/>\n<span class=\"wpcf7-form-control-wrap\" data-name=\"your-message\"><textarea cols=\"40\" rows=\"10\" maxlength=\"2000\" class=\"wpcf7-form-control wpcf7-textarea\" aria-invalid=\"false\" name=\"your-message\"><\/textarea><\/span> <\/label>\n<\/p>\n<p><input class=\"wpcf7-form-control wpcf7-submit has-spinner\" type=\"submit\" value=\"Enviar\" \/>\n<\/p><div class=\"wpcf7-response-output\" aria-hidden=\"true\"><\/div>\n<\/form>\n<\/div>\n<\/div>\n<\/div><\/div><\/div><div id=\"tm-column-69eb933259f17\" class=\"wpb_column vc_column_container vc_col-sm-4\"><div class=\"vc_column-inner \"><div class=\"wpb_wrapper\">\n<div class=\"tm-heading vc_custom_1533202151351  left tm-animation move-up\" id=\"tm-heading-69eb93325a22c\">\n\t<div class=\"heading\" >Follow us<\/div><\/div>\n\n<div class=\"tm-custom-menu  style-1 align-left\" id=\"tm-better-custom-menu-69eb93325a6b3\"><div class=\"widget insight-core-bmw\"><div class=\"menu-redes-sociales-container\"><ul id=\"menu-redes-sociales\" class=\"menu\"><li id=\"menu-item-4572\" class=\"menu-item menu-item-type-custom menu-item-object-custom menu-item-4572 level-1\"><a href=\"https:\/\/www.instagram.com\/insobil_aislamientos\/?hl=es\"><div class=\"menu-item-wrap\"><span class=\"menu-item-title\">Instagram<\/span><\/div><\/a><\/li>\n<li id=\"menu-item-4573\" class=\"menu-item menu-item-type-custom menu-item-object-custom menu-item-4573 level-1\"><a href=\"https:\/\/www.facebook.com\/Insobil\/?locale=es_ES\"><div class=\"menu-item-wrap\"><span class=\"menu-item-title\">Facebook<\/span><\/div><\/a><\/li>\n<\/ul><\/div><\/div><\/div><\/div><\/div><\/div><\/div><div class=\"vc_row-full-width vc_clearfix\"><\/div><div id=\"tm-row-69eb93325db37\" class=\"vc_row vc_row-outer vc_row-fluid\"><div id=\"tm-column-69eb93325df5a\" class=\"wpb_column vc_column_container vc_col-sm-12\"><div class=\"vc_column-inner \"><div class=\"wpb_wrapper\">\n<div class=\"tm-heading  left tm-animation move-up\" id=\"tm-heading-69eb93325e2c4\">\n\t<h3 class=\"heading\" >Preguntas frecuentes<\/h3><\/div>\n\n<div class=\"tm-spacer\" id=\"tm-spacer-69eb93325e82a\"><\/div>\n<div class=\"tm-accordion  style-1 tm-animation move-up\" id=\"tm-accordion-69eb93325e948\"\n\t>\n\t\n\t\t<div class=\"accordion-section active\">\n\t\t\t\t\t\t\t<div class=\"accordion-title-wrapper\">\n\t\t\t\t\t<h6 class=\"accordion-title\">\u00bfEstoy obligado por ley a insonorizar mi local?<span\n\t\t\t\t\t\t\tclass=\"accordion-icon\"><\/span><\/h6>\n\t\t\t\t<\/div>\n\t\t\t\t\t\t<div class=\"accordion-content\">\n\t\t\t\t\t\t\t\t\tS\u00ed, la mayor\u00eda de los ayuntamientos tienen normativas que limitan el nivel de ruido que un local puede emitir, especialmente si est\u00e1 cerca de zonas residenciales. Un estudio ac\u00fastico puede ayudarte a saber si cumples los l\u00edmites.\t\t\t\t\t\t\t<\/div>\n\t\t<\/div>\n\t\t\n\t\t<div class=\"accordion-section \">\n\t\t\t\t\t\t\t<div class=\"accordion-title-wrapper\">\n\t\t\t\t\t<h6 class=\"accordion-title\">\u00bfQu\u00e9 diferencia hay entre insonorizaci\u00f3n y acondicionamiento ac\u00fastico?<span\n\t\t\t\t\t\t\tclass=\"accordion-icon\"><\/span><\/h6>\n\t\t\t\t<\/div>\n\t\t\t\t\t\t<div class=\"accordion-content\">\n\t\t\t\t\t\t\t\t\tInsonorizaci\u00f3n: Impide que el sonido salga o entre del local.\n\nAcondicionamiento ac\u00fastico: Mejora la calidad del sonido dentro del espacio (reverberaci\u00f3n, claridad, eco).\nAmbos pueden ser necesarios dependiendo del tipo de actividad.\t\t\t\t\t\t\t<\/div>\n\t\t<\/div>\n\t\t\n\t\t<div class=\"accordion-section \">\n\t\t\t\t\t\t\t<div class=\"accordion-title-wrapper\">\n\t\t\t\t\t<h6 class=\"accordion-title\">\u00bfQu\u00e9 tipo de materiales se usan para insonorizar un local?<span\n\t\t\t\t\t\t\tclass=\"accordion-icon\"><\/span><\/h6>\n\t\t\t\t<\/div>\n\t\t\t\t\t\t<div class=\"accordion-content\">\n\t\t\t\t\t\t\t\t\tSe utilizan materiales como lana de roca, placas de yeso laminado, paneles ac\u00fasticos, espumas fonoabsorbentes, puertas ac\u00fasticas y sistemas de doble tabique.\t\t\t\t\t\t\t<\/div>\n\t\t<\/div>\n\t\t\n\t\t<div class=\"accordion-section \">\n\t\t\t\t\t\t\t<div class=\"accordion-title-wrapper\">\n\t\t\t\t\t<h6 class=\"accordion-title\">\u00bfNecesito un estudio ac\u00fastico antes de insonorizar?<span\n\t\t\t\t\t\t\tclass=\"accordion-icon\"><\/span><\/h6>\n\t\t\t\t<\/div>\n\t\t\t\t\t\t<div class=\"accordion-content\">\n\t\t\t\t\t\t\t\t\tS\u00ed, es muy recomendable. Un estudio ac\u00fastico profesional mide los niveles de ruido y determina qu\u00e9 soluciones necesitas para cumplir la normativa y lograr un buen confort ac\u00fastico.\t\t\t\t\t\t\t<\/div>\n\t\t<\/div>\n\t\t\n\t\t<div class=\"accordion-section \">\n\t\t\t\t\t\t\t<div class=\"accordion-title-wrapper\">\n\t\t\t\t\t<h6 class=\"accordion-title\">\u00bfLa insonorizaci\u00f3n afecta al dise\u00f1o del local?<span\n\t\t\t\t\t\t\tclass=\"accordion-icon\"><\/span><\/h6>\n\t\t\t\t<\/div>\n\t\t\t\t\t\t<div class=\"accordion-content\">\n\t\t\t\t\t\t\t\t\tNo necesariamente. Hoy en d\u00eda existen soluciones discretas y est\u00e9ticas, como paneles decorativos o techos fonoabsorbentes que se integran perfectamente en el dise\u00f1o interior.\t\t\t\t\t\t\t<\/div>\n\t\t<\/div>\n\t\t\n\t\t<div class=\"accordion-section \">\n\t\t\t\t\t\t\t<div class=\"accordion-title-wrapper\">\n\t\t\t\t\t<h6 class=\"accordion-title\">\u00bfTengo que encargarme yo de la primera medici\u00f3n ac\u00fastica??<span\n\t\t\t\t\t\t\tclass=\"accordion-icon\"><\/span><\/h6>\n\t\t\t\t<\/div>\n\t\t\t\t\t\t<div class=\"accordion-content\">\n\t\t\t\t\t\t\t\t\tRealizamos un seguimiento y control de la obra en todos los aspectos relacionados con la ac\u00fastica, incluyendo mediciones de aislamiento mediadas las obras, reuniones con gremios, etc.\t\t\t\t\t\t\t<\/div>\n\t\t<\/div>\n\t\t<\/div>\n<\/div><\/div><\/div><\/div><div id=\"tm-row-69eb93325ed7e\" data-vc-full-width=\"true\" data-vc-full-width-init=\"false\" data-vc-stretch-content=\"true\" class=\"vc_row vc_row-outer vc_row-fluid vc_row-no-padding\"><div id=\"tm-column-69eb93325f16d\" class=\"wpb_column vc_column_container vc_col-sm-6\"><div class=\"vc_column-inner \"><div class=\"wpb_wrapper\">\n\t\t\t\t<p class=\"rs-p-wp-fix\"><\/p>\n\t\t\t\t<sr7-module data-alias=\"single-service\" data-id=\"2\" id=\"SR7_2_1\" class=\"rs-ov-hidden\" data-version=\"6.7.29\">\n\t\t\t\t\t<sr7-adjuster><\/sr7-adjuster>\n\t\t\t\t\t<sr7-content>\n\t\t\t\t\t\t<sr7-slide id=\"SR7_2_1-2\" data-key=\"2\">\n\t\t\t\t\t\t\t<sr7-bg id=\"SR7_2_1-2-5\" class=\"sr7-layer\"><noscript><img decoding=\"async\" src=\"https:\/\/insobil.es\/wp-content\/uploads\/2018\/07\/single-slider.jpg\" alt=\"\" title=\"Contacto\"><\/noscript><\/sr7-bg>\n\t\t\t\t\t\t\t<sr7-txt id=\"SR7_2_1-2-1\" class=\"sr7-layer\">20 a\u00f1os de experiencia<\/sr7-txt>\n\t\t\t\t\t\t\t<sr7-txt id=\"SR7_2_1-2-2\" class=\"sr7-layer\">Haz tu consulta <\/sr7-txt>\n\t\t\t\t\t\t<\/sr7-slide>\n\t\t\t\t\t\t<sr7-slide id=\"SR7_2_1-41\" data-key=\"41\">\n\t\t\t\t\t\t<\/sr7-slide>\n\t\t\t\t\t<\/sr7-content>\n\t\t\t\t\t<image_lists style=\"display:none\">\n\t\t\t\t\t\t<img data-src=\"\/\/insobil.es\/wp-content\/uploads\/2018\/07\/Sin-titulo-1920-x-1240-px-1.png\" data-libid=\"3421\" data-lib=\"medialibrary\" title=\"LLamada de tel\u00e9fono\" width=\"0\" height=\"0\" data-dbsrc=\"Ly9pbnNvYmlsLmVzL3dwLWNvbnRlbnQvdXBsb2Fkcy8yMDE4LzA3L1Npbi10aXR1bG8tMTkyMC14LTEyNDAtcHgtMS5wbmc=\"\/>\n\t\t\t\t\t\t<img data-src=\"\/\/insobil.es\/wp-content\/uploads\/2018\/07\/single-slider.jpg\" width=\"0\" height=\"0\" data-dbsrc=\"Ly9pbnNvYmlsLmVzL3dwLWNvbnRlbnQvdXBsb2Fkcy8yMDE4LzA3L3NpbmdsZS1zbGlkZXIuanBn\"\/>\n\t\t\t\t\t<\/image_lists>\n\t\t\t\t<\/sr7-module>\n\t\t\t\t<script>\n\t\t\t\t\tSR7.PMH ??={}; SR7.PMH[\"SR7_2_1\"] = {cn:100,state:false,fn: function() { if (_tpt!==undefined && _tpt.prepareModuleHeight !== undefined) {  _tpt.prepareModuleHeight({id:\"SR7_2_1\",el:[350,350,350,350,350],type:'standard',shdw:'0',gh:[350,350,350,350,350],gw:[770,770,770,670,480],vpt:['20%&#039;,&#039;20%&#039;,&#039;20%&#039;,&#039;20%&#039;,&#039;20%'],size:{fullWidth:false, fullHeight:false},mh:'0',onh:0,onw:0,bg:{color:'{\"orig\":\"transparent\",\"type\":\"solid\",\"string\":\"transparent\"}'},plType:'0',plColor:'#FFFFFF'});   SR7.PMH[\"SR7_2_1\"].state=true;} else if(SR7.PMH[\"SR7_2_1\"].cn-->0)\tsetTimeout( SR7.PMH[\"SR7_2_1\"].fn,19);}};SR7.PMH[\"SR7_2_1\" ].fn();\n\t\t\t\t<\/script>\n<\/div><\/div><\/div><div id=\"tm-column-69eb9332631f8\" class=\"wpb_column vc_column_container vc_col-sm-6\"><div class=\"vc_column-inner \"><div class=\"wpb_wrapper\"><div id=\"tm-row-inner-69eb9332636e4\" class=\"vc_row vc_inner vc_row-fluid vc_row-o-content-middle vc_row-flex\"><div id=\"tm-column-inner-69eb933263b97\" class=\"wpb_column vc_column_container vc_col-sm-12\"><div class=\"vc_column-inner \"><div class=\"wpb_wrapper\">\n<div class=\"tm-heading vc_custom_1749728389201  left tm-animation move-up\" id=\"tm-heading-69eb933263ec8\">\n\t<h3 class=\"heading\" >\u00bfTrabajamos juntos en el pr\u00f3ximo proyecto?<\/h3><\/div>\n\n<div class=\"tm-spacer\" id=\"tm-spacer-69eb9332642e1\"><\/div>\n\n<div class=\"tm-heading  left tm-animation move-up\" id=\"tm-heading-69eb93326442d\">\n\t<div class=\"heading\" >Cons\u00faltanos sin compromiso. Accede a nuestra p\u00e1gina de contacto y elige la forma en la que te sientas m\u00e1s a gusto.<\/div><\/div>\n\n<\/div><\/div><\/div><\/div><\/div><\/div><\/div><\/div><div class=\"vc_row-full-width vc_clearfix\"><\/div>\n<\/div>","protected":false},"excerpt":{"rendered":"Bilbao Barrio Azurleku 21, lonja 2, 48004 Bilbao, Bizkaiainsobil@insobil.es(+34) 946 53 10 21 \/ (+34) 660 10 74 68 Formulario de contacto Tu nombre Tu correo electr\u00f3nico Asunto Tu mensaje (opcional) Follow us Instagram Facebook Preguntas frecuentes \u00bfEstoy obligado por ley a insonorizar mi local? S\u00ed, la mayor\u00eda de los ayuntamientos tienen normativas que limitan el nivel de ruido que un local puede emitir, especialmente si est\u00e1 cerca de zonas residenciales. Un estudio ac\u00fastico puede ayudarte a saber si cumples los l\u00edmites. \u00bfQu\u00e9 diferencia hay entre insonorizaci\u00f3n y acondicionamiento ac\u00fastico? Insonorizaci\u00f3n: Impide que el sonido salga o entre del local. Acondicionamiento ac\u00fastico: Mejora la calidad del sonido dentro del espacio (reverberaci\u00f3n, claridad, eco). Ambos pueden ser necesarios dependiendo del tipo de actividad. \u00bfQu\u00e9 tipo de materiales se usan para insonorizar un local? Se utilizan materiales como lana de roca, placas de yeso laminado, paneles ac\u00fasticos, espumas fonoabsorbentes, puertas ac\u00fasticas y sistemas de doble tabique. \u00bfNecesito un estudio ac\u00fastico antes de insonorizar? S\u00ed, es muy recomendable. Un estudio ac\u00fastico profesional mide los niveles de ruido y determina qu\u00e9 soluciones necesitas para cumplir la normativa y lograr un buen confort ac\u00fastico. \u00bfLa insonorizaci\u00f3n afecta al dise\u00f1o del local? No necesariamente. Hoy en d\u00eda existen soluciones discretas y est\u00e9ticas, como paneles decorativos o techos fonoabsorbentes que se integran perfectamente en el dise\u00f1o interior. \u00bfTengo que encargarme yo de la primera medici\u00f3n ac\u00fastica?? Realizamos un seguimiento y control de la obra en todos los aspectos relacionados con la ac\u00fastica, incluyendo mediciones de aislamiento mediadas las obras, reuniones con gremios, etc. 20 a\u00f1os de experiencia Haz tu consulta \u00bfTrabajamos juntos en el pr\u00f3ximo proyecto? Cons\u00faltanos sin compromiso. Accede a nuestra p\u00e1gina de contacto y elige la forma en la que te sientas m\u00e1s a gusto.","protected":false},"author":1,"featured_media":0,"parent":0,"menu_order":0,"comment_status":"closed","ping_status":"closed","template":"","meta":{"inline_featured_image":false,"footnotes":""},"class_list":["post-1083","page","type-page","status-publish","hentry"],"yoast_head":"<!-- This site is optimized with the Yoast SEO plugin v27.4 - https:\/\/yoast.com\/product\/yoast-seo-wordpress\/ -->\n<title>Contacto - INSOBIL AISLAMIENTOS<\/title>\n<meta name=\"robots\" content=\"index, follow, max-snippet:-1, max-image-preview:large, max-video-preview:-1\" \/>\n<link rel=\"canonical\" href=\"https:\/\/insobil.es\/eu\/contacto\/\" \/>\n<meta property=\"og:locale\" content=\"en_US\" \/>\n<meta property=\"og:type\" content=\"article\" \/>\n<meta property=\"og:title\" content=\"Contacto - INSOBIL AISLAMIENTOS\" \/>\n<meta property=\"og:url\" content=\"https:\/\/insobil.es\/eu\/contacto\/\" \/>\n<meta property=\"og:site_name\" content=\"INSOBIL AISLAMIENTOS\" \/>\n<meta property=\"article:modified_time\" content=\"2025-10-22T15:12:53+00:00\" \/>\n<meta name=\"twitter:card\" content=\"summary_large_image\" \/>\n<meta name=\"twitter:label1\" content=\"Est. reading time\" \/>\n\t<meta name=\"twitter:data1\" content=\"1 minutua\" \/>\n<script type=\"application\/ld+json\" class=\"yoast-schema-graph\">{\"@context\":\"https:\\\/\\\/schema.org\",\"@graph\":[{\"@type\":\"WebPage\",\"@id\":\"https:\\\/\\\/insobil.es\\\/contacto\\\/\",\"url\":\"https:\\\/\\\/insobil.es\\\/contacto\\\/\",\"name\":\"Contacto - INSOBIL AISLAMIENTOS\",\"isPartOf\":{\"@id\":\"https:\\\/\\\/insobil.es\\\/#website\"},\"datePublished\":\"2018-08-02T09:15:26+00:00\",\"dateModified\":\"2025-10-22T15:12:53+00:00\",\"breadcrumb\":{\"@id\":\"https:\\\/\\\/insobil.es\\\/contacto\\\/#breadcrumb\"},\"inLanguage\":\"eu\",\"potentialAction\":[{\"@type\":\"ReadAction\",\"target\":[\"https:\\\/\\\/insobil.es\\\/contacto\\\/\"]}]},{\"@type\":\"BreadcrumbList\",\"@id\":\"https:\\\/\\\/insobil.es\\\/contacto\\\/#breadcrumb\",\"itemListElement\":[{\"@type\":\"ListItem\",\"position\":1,\"name\":\"Portada\",\"item\":\"https:\\\/\\\/insobil.es\\\/\"},{\"@type\":\"ListItem\",\"position\":2,\"name\":\"Contacto\"}]},{\"@type\":\"WebSite\",\"@id\":\"https:\\\/\\\/insobil.es\\\/#website\",\"url\":\"https:\\\/\\\/insobil.es\\\/\",\"name\":\"INSOBIL AISLAMIENTOS\",\"description\":\"Soluciones avanzadas para reducir el ruido y mejorar la calidad sonora en todo tipo de espacios. Aplicamos tecnolog\u00eda innovadora y materiales de alta calidad para garantizar los mejores resultados.\",\"potentialAction\":[{\"@type\":\"SearchAction\",\"target\":{\"@type\":\"EntryPoint\",\"urlTemplate\":\"https:\\\/\\\/insobil.es\\\/?s={search_term_string}\"},\"query-input\":{\"@type\":\"PropertyValueSpecification\",\"valueRequired\":true,\"valueName\":\"search_term_string\"}}],\"inLanguage\":\"eu\"}]}<\/script>\n<!-- \/ Yoast SEO plugin. -->","yoast_head_json":{"title":"Contacto - INSOBIL AISLAMIENTOS","robots":{"index":"index","follow":"follow","max-snippet":"max-snippet:-1","max-image-preview":"max-image-preview:large","max-video-preview":"max-video-preview:-1"},"canonical":"https:\/\/insobil.es\/eu\/contacto\/","og_locale":"en_US","og_type":"article","og_title":"Contacto - INSOBIL AISLAMIENTOS","og_url":"https:\/\/insobil.es\/eu\/contacto\/","og_site_name":"INSOBIL AISLAMIENTOS","article_modified_time":"2025-10-22T15:12:53+00:00","twitter_card":"summary_large_image","twitter_misc":{"Est. reading time":"1 minutua"},"schema":{"@context":"https:\/\/schema.org","@graph":[{"@type":"WebPage","@id":"https:\/\/insobil.es\/contacto\/","url":"https:\/\/insobil.es\/contacto\/","name":"Contacto - INSOBIL AISLAMIENTOS","isPartOf":{"@id":"https:\/\/insobil.es\/#website"},"datePublished":"2018-08-02T09:15:26+00:00","dateModified":"2025-10-22T15:12:53+00:00","breadcrumb":{"@id":"https:\/\/insobil.es\/contacto\/#breadcrumb"},"inLanguage":"eu","potentialAction":[{"@type":"ReadAction","target":["https:\/\/insobil.es\/contacto\/"]}]},{"@type":"BreadcrumbList","@id":"https:\/\/insobil.es\/contacto\/#breadcrumb","itemListElement":[{"@type":"ListItem","position":1,"name":"Portada","item":"https:\/\/insobil.es\/"},{"@type":"ListItem","position":2,"name":"Contacto"}]},{"@type":"WebSite","@id":"https:\/\/insobil.es\/#website","url":"https:\/\/insobil.es\/","name":"INSOBIL AISLAMIENTOS","description":"Soluciones avanzadas para reducir el ruido y mejorar la calidad sonora en todo tipo de espacios. Aplicamos tecnolog\u00eda innovadora y materiales de alta calidad para garantizar los mejores resultados.","potentialAction":[{"@type":"SearchAction","target":{"@type":"EntryPoint","urlTemplate":"https:\/\/insobil.es\/?s={search_term_string}"},"query-input":{"@type":"PropertyValueSpecification","valueRequired":true,"valueName":"search_term_string"}}],"inLanguage":"eu"}]}},"_links":{"self":[{"href":"https:\/\/insobil.es\/eu\/wp-json\/wp\/v2\/pages\/1083","targetHints":{"allow":["GET"]}}],"collection":[{"href":"https:\/\/insobil.es\/eu\/wp-json\/wp\/v2\/pages"}],"about":[{"href":"https:\/\/insobil.es\/eu\/wp-json\/wp\/v2\/types\/page"}],"author":[{"embeddable":true,"href":"https:\/\/insobil.es\/eu\/wp-json\/wp\/v2\/users\/1"}],"replies":[{"embeddable":true,"href":"https:\/\/insobil.es\/eu\/wp-json\/wp\/v2\/comments?post=1083"}],"version-history":[{"count":42,"href":"https:\/\/insobil.es\/eu\/wp-json\/wp\/v2\/pages\/1083\/revisions"}],"predecessor-version":[{"id":5046,"href":"https:\/\/insobil.es\/eu\/wp-json\/wp\/v2\/pages\/1083\/revisions\/5046"}],"wp:attachment":[{"href":"https:\/\/insobil.es\/eu\/wp-json\/wp\/v2\/media?parent=1083"}],"curies":[{"name":"wp","href":"https:\/\/api.w.org\/{rel}","templated":true}]}}